{"id":8012,"date":"2022-12-16T10:39:25","date_gmt":"2022-12-16T09:39:25","guid":{"rendered":"https:\/\/www.bruzelle.be\/?page_id=8012"},"modified":"2023-03-17T16:09:38","modified_gmt":"2023-03-17T15:09:38","slug":"notre-action","status":"publish","type":"page","link":"https:\/\/www.bruzelle.be\/fr\/notre-action\/","title":{"rendered":"Notre action"},"content":{"rendered":"\t\t<div data-elementor-type=\"wp-page\" data-elementor-id=\"8012\" class=\"elementor elementor-8012\">\n\t\t\t\t\t\t<section class=\"elementor-section elementor-top-section elementor-element elementor-element-300673a7 elementor-section-full_width elementor-section-height-min-height elementor-section-stretched elementor-section-height-default elementor-section-items-middle\" data-id=\"300673a7\" data-element_type=\"section\" data-e-type=\"section\" data-settings=\"{&quot;stretch_section&quot;:&quot;section-stretched&quot;,&quot;jet_parallax_layout_list&quot;:[],&quot;background_background&quot;:&quot;classic&quot;}\">\n\t\t\t\t\t\t<div class=\"elementor-container elementor-column-gap-default\">\n\t\t\t\t\t<div class=\"elementor-column elementor-col-100 elementor-top-column elementor-element elementor-element-2bb724d4\" data-id=\"2bb724d4\" data-element_type=\"column\" data-e-type=\"column\">\n\t\t\t<div class=\"elementor-widget-wrap\">\n\t\t\t\t\t\t\t<\/div>\n\t\t<\/div>\n\t\t\t\t\t<\/div>\n\t\t<\/section>\n\t\t\t\t<section class=\"elementor-section elementor-top-section elementor-element elementor-element-242bf271 elementor-section-boxed elementor-section-height-default elementor-section-height-default\" data-id=\"242bf271\" data-element_type=\"section\" data-e-type=\"section\" data-settings=\"{&quot;jet_parallax_layout_list&quot;:[]}\">\n\t\t\t\t\t\t<div class=\"elementor-container elementor-column-gap-default\">\n\t\t\t\t\t<div class=\"elementor-column elementor-col-100 elementor-top-column elementor-element elementor-element-79bbae28\" data-id=\"79bbae28\" data-element_type=\"column\" data-e-type=\"column\">\n\t\t\t<div class=\"elementor-widget-wrap elementor-element-populated\">\n\t\t\t\t\t\t<div class=\"elementor-element elementor-element-1b373b1 elementor-widget elementor-widget-heading\" data-id=\"1b373b1\" data-element_type=\"widget\" data-e-type=\"widget\" data-widget_type=\"heading.default\">\n\t\t\t\t<div class=\"elementor-widget-container\">\n\t\t\t\t\t<h2 class=\"elementor-heading-title elementor-size-default\">notre action<\/h2>\t\t\t\t<\/div>\n\t\t\t\t<\/div>\n\t\t\t\t<div class=\"elementor-element elementor-element-ea21d05 elementor-widget elementor-widget-text-editor\" data-id=\"ea21d05\" data-element_type=\"widget\" data-e-type=\"widget\" data-widget_type=\"text-editor.default\">\n\t\t\t\t<div class=\"elementor-widget-container\">\n\t\t\t\t\t\t\t\t\t<p>BruZelle est une association belge qui lutte activement contre la pr\u00e9carit\u00e9 menstruelle et le tabou autour des r\u00e8gles depuis 2016.<\/p><p>Depuis sa cr\u00e9ation, BruZelle identifie et met en lumi\u00e8re la probl\u00e9matique de la pr\u00e9carit\u00e9 menstruelle en Belgique. A cette fin, diff\u00e9rentes directions ont \u00e9t\u00e9 explor\u00e9es telles que la m\u00e9thodologie de collecte et de distribution des produits menstruels, l\u2019organisation des ateliers participatifs, la participation \u00e0 des colloques, conf\u00e9rences, d\u00e9bats, festivals, \u00e9tudes et interviews, la cr\u00e9ation d\u2019outils p\u00e9dagogiques \u00e0 destination de tous publics et l\u2019interpellation des pouvoirs politiques.<\/p><p class=\"MsoNormal\">Au fil du temps les missions de BruZelle se sont affin\u00e9es pour se structurer aujourd\u2019hui autour de trois axes.<\/p>\t\t\t\t\t\t\t\t<\/div>\n\t\t\t\t<\/div>\n\t\t\t\t\t<\/div>\n\t\t<\/div>\n\t\t\t\t\t<\/div>\n\t\t<\/section>\n\t\t\t\t<section class=\"elementor-section elementor-top-section elementor-element elementor-element-54a7aac elementor-section-boxed elementor-section-height-default elementor-section-height-default\" data-id=\"54a7aac\" data-element_type=\"section\" data-e-type=\"section\" data-settings=\"{&quot;jet_parallax_layout_list&quot;:[]}\">\n\t\t\t\t\t\t<div class=\"elementor-container elementor-column-gap-default\">\n\t\t\t\t\t<div class=\"raven-column-link elementor-column elementor-col-33 elementor-top-column elementor-element elementor-element-f701fee\" data-raven-link=\"https:\/\/www.bruzelle.be\/fr\/notre-action\/collecte-et-distribution\/\" data-raven-link-target=\"_self\" data-id=\"f701fee\" data-element_type=\"column\" data-e-type=\"column\" data-settings=\"{&quot;background_background&quot;:&quot;classic&quot;}\">\n\t\t\t<div class=\"elementor-widget-wrap elementor-element-populated\">\n\t\t\t\t\t\t<div class=\"elementor-element elementor-element-79a84eb elementor-widget elementor-widget-image\" data-id=\"79a84eb\" data-element_type=\"widget\" data-e-type=\"widget\" data-widget_type=\"image.default\">\n\t\t\t\t<div class=\"elementor-widget-container\">\n\t\t\t\t\t\t\t\t\t\t\t\t\t\t\t<img decoding=\"async\" width=\"115\" height=\"100\" src=\"https:\/\/www.bruzelle.be\/wp-content\/uploads\/2022\/12\/Distribution-115x100-1.png\" class=\"elementor-animation-pulse attachment-large size-large wp-image-8790\" alt=\"\" \/>\t\t\t\t\t\t\t\t\t\t\t\t\t\t\t<\/div>\n\t\t\t\t<\/div>\n\t\t\t\t<div class=\"elementor-element elementor-element-399cc93 e-transform elementor-widget elementor-widget-icon-box\" data-id=\"399cc93\" data-element_type=\"widget\" data-e-type=\"widget\" data-settings=\"{&quot;_transform_scale_effect_hover&quot;:{&quot;unit&quot;:&quot;px&quot;,&quot;size&quot;:0.9,&quot;sizes&quot;:[]},&quot;_transform_scale_effect_hover_tablet&quot;:{&quot;unit&quot;:&quot;px&quot;,&quot;size&quot;:&quot;&quot;,&quot;sizes&quot;:[]},&quot;_transform_scale_effect_hover_mobile&quot;:{&quot;unit&quot;:&quot;px&quot;,&quot;size&quot;:&quot;&quot;,&quot;sizes&quot;:[]}}\" data-widget_type=\"icon-box.default\">\n\t\t\t\t<div class=\"elementor-widget-container\">\n\t\t\t\t\t\t\t<div class=\"elementor-icon-box-wrapper\">\n\n\t\t\t\n\t\t\t\t\t\t<div class=\"elementor-icon-box-content\">\n\n\t\t\t\t\n\t\t\t\t\t\t\t\t\t<p class=\"elementor-icon-box-description\">\n\t\t\t\t\t\tcollecte et distribution\t\t\t\t\t<\/p>\n\t\t\t\t\n\t\t\t<\/div>\n\t\t\t\n\t\t<\/div>\n\t\t\t\t\t\t<\/div>\n\t\t\t\t<\/div>\n\t\t\t\t\t<\/div>\n\t\t<\/div>\n\t\t\t\t<div class=\"raven-column-link elementor-column elementor-col-33 elementor-top-column elementor-element elementor-element-562cbcb\" data-raven-link=\"https:\/\/www.bruzelle.be\/fr\/notre-action\/sensibilisation\/\" data-raven-link-target=\"_self\" data-id=\"562cbcb\" data-element_type=\"column\" data-e-type=\"column\" data-settings=\"{&quot;background_background&quot;:&quot;classic&quot;}\">\n\t\t\t<div class=\"elementor-widget-wrap elementor-element-populated\">\n\t\t\t\t\t\t<div class=\"elementor-element elementor-element-ea8bca4 elementor-widget elementor-widget-image\" data-id=\"ea8bca4\" data-element_type=\"widget\" data-e-type=\"widget\" data-widget_type=\"image.default\">\n\t\t\t\t<div class=\"elementor-widget-container\">\n\t\t\t\t\t\t\t\t\t\t\t\t\t\t\t<img decoding=\"async\" width=\"84\" height=\"100\" src=\"https:\/\/www.bruzelle.be\/wp-content\/uploads\/2022\/12\/Conscientisation-84x100-1.png\" class=\"elementor-animation-pulse attachment-large size-large wp-image-8808\" alt=\"\" srcset=\"https:\/\/www.bruzelle.be\/wp-content\/uploads\/2022\/12\/Conscientisation-84x100-1.png 84w, https:\/\/www.bruzelle.be\/wp-content\/uploads\/2022\/12\/elementor\/thumbs\/Conscientisation-84x100-1-pzjlojqcop6bnwa9i7yx2txr86s54m36fyve2ummb8.png 42w\" sizes=\"(max-width: 84px) 100vw, 84px\" \/>\t\t\t\t\t\t\t\t\t\t\t\t\t\t\t<\/div>\n\t\t\t\t<\/div>\n\t\t\t\t<div class=\"elementor-element elementor-element-c3bf66f e-transform elementor-widget elementor-widget-icon-box\" data-id=\"c3bf66f\" data-element_type=\"widget\" data-e-type=\"widget\" data-settings=\"{&quot;_transform_scale_effect_hover&quot;:{&quot;unit&quot;:&quot;px&quot;,&quot;size&quot;:0.9,&quot;sizes&quot;:[]},&quot;_transform_scale_effect_hover_tablet&quot;:{&quot;unit&quot;:&quot;px&quot;,&quot;size&quot;:&quot;&quot;,&quot;sizes&quot;:[]},&quot;_transform_scale_effect_hover_mobile&quot;:{&quot;unit&quot;:&quot;px&quot;,&quot;size&quot;:&quot;&quot;,&quot;sizes&quot;:[]}}\" data-widget_type=\"icon-box.default\">\n\t\t\t\t<div class=\"elementor-widget-container\">\n\t\t\t\t\t\t\t<div class=\"elementor-icon-box-wrapper\">\n\n\t\t\t\n\t\t\t\t\t\t<div class=\"elementor-icon-box-content\">\n\n\t\t\t\t\n\t\t\t\t\t\t\t\t\t<p class=\"elementor-icon-box-description\">\n\t\t\t\t\t\tsensibilisation et \u00e9ducation\t\t\t\t\t<\/p>\n\t\t\t\t\n\t\t\t<\/div>\n\t\t\t\n\t\t<\/div>\n\t\t\t\t\t\t<\/div>\n\t\t\t\t<\/div>\n\t\t\t\t\t<\/div>\n\t\t<\/div>\n\t\t\t\t<div class=\"raven-column-link elementor-column elementor-col-33 elementor-top-column elementor-element elementor-element-e27d8b1\" data-raven-link=\"https:\/\/www.bruzelle.be\/fr\/notre-action\/conseil-et-expertise\/\" data-raven-link-target=\"_self\" data-id=\"e27d8b1\" data-element_type=\"column\" data-e-type=\"column\" data-settings=\"{&quot;background_background&quot;:&quot;classic&quot;}\">\n\t\t\t<div class=\"elementor-widget-wrap elementor-element-populated\">\n\t\t\t\t\t\t<div class=\"elementor-element elementor-element-ed9fb01 elementor-widget elementor-widget-image\" data-id=\"ed9fb01\" data-element_type=\"widget\" data-e-type=\"widget\" data-widget_type=\"image.default\">\n\t\t\t\t<div class=\"elementor-widget-container\">\n\t\t\t\t\t\t\t\t\t\t\t\t\t\t\t<img decoding=\"async\" width=\"131\" height=\"100\" src=\"https:\/\/www.bruzelle.be\/wp-content\/uploads\/2023\/02\/Expertise-131x100-2.png\" class=\"elementor-animation-pulse attachment-large size-large wp-image-9910\" alt=\"\" \/>\t\t\t\t\t\t\t\t\t\t\t\t\t\t\t<\/div>\n\t\t\t\t<\/div>\n\t\t\t\t<div class=\"elementor-element elementor-element-71da9d3 e-transform elementor-widget elementor-widget-icon-box\" data-id=\"71da9d3\" data-element_type=\"widget\" data-e-type=\"widget\" data-settings=\"{&quot;_transform_scale_effect_hover&quot;:{&quot;unit&quot;:&quot;px&quot;,&quot;size&quot;:0.9,&quot;sizes&quot;:[]},&quot;_transform_scale_effect_hover_tablet&quot;:{&quot;unit&quot;:&quot;px&quot;,&quot;size&quot;:&quot;&quot;,&quot;sizes&quot;:[]},&quot;_transform_scale_effect_hover_mobile&quot;:{&quot;unit&quot;:&quot;px&quot;,&quot;size&quot;:&quot;&quot;,&quot;sizes&quot;:[]}}\" data-widget_type=\"icon-box.default\">\n\t\t\t\t<div class=\"elementor-widget-container\">\n\t\t\t\t\t\t\t<div class=\"elementor-icon-box-wrapper\">\n\n\t\t\t\n\t\t\t\t\t\t<div class=\"elementor-icon-box-content\">\n\n\t\t\t\t\n\t\t\t\t\t\t\t\t\t<p class=\"elementor-icon-box-description\">\n\t\t\t\t\t\tconseil et expertise\t\t\t\t\t<\/p>\n\t\t\t\t\n\t\t\t<\/div>\n\t\t\t\n\t\t<\/div>\n\t\t\t\t\t\t<\/div>\n\t\t\t\t<\/div>\n\t\t\t\t\t<\/div>\n\t\t<\/div>\n\t\t\t\t\t<\/div>\n\t\t<\/section>\n\t\t\t\t<section class=\"elementor-section elementor-top-section elementor-element elementor-element-73acc18 elementor-section-boxed elementor-section-height-default elementor-section-height-default\" data-id=\"73acc18\" data-element_type=\"section\" data-e-type=\"section\" data-settings=\"{&quot;jet_parallax_layout_list&quot;:[]}\">\n\t\t\t\t\t\t<div class=\"elementor-container elementor-column-gap-default\">\n\t\t\t\t\t<div class=\"elementor-column elementor-col-100 elementor-top-column elementor-element elementor-element-35f8dba\" data-id=\"35f8dba\" data-element_type=\"column\" data-e-type=\"column\">\n\t\t\t<div class=\"elementor-widget-wrap elementor-element-populated\">\n\t\t\t\t\t\t<div class=\"elementor-element elementor-element-233fd6c elementor-widget elementor-widget-heading\" data-id=\"233fd6c\" data-element_type=\"widget\" data-e-type=\"widget\" data-widget_type=\"heading.default\">\n\t\t\t\t<div class=\"elementor-widget-container\">\n\t\t\t\t\t<h2 class=\"elementor-heading-title elementor-size-default\"><p>pour que les choses soient claires\u2026<\/p><\/h2>\t\t\t\t<\/div>\n\t\t\t\t<\/div>\n\t\t\t\t<div class=\"elementor-element elementor-element-8d7ea1c elementor-widget elementor-widget-heading\" data-id=\"8d7ea1c\" data-element_type=\"widget\" data-e-type=\"widget\" data-widget_type=\"heading.default\">\n\t\t\t\t<div class=\"elementor-widget-container\">\n\t\t\t\t\t<h2 class=\"elementor-heading-title elementor-size-default\"><p>Qu\u2019est-ce que la pr\u00e9carit\u00e9 menstruelle&nbsp;?<\/p><\/h2>\t\t\t\t<\/div>\n\t\t\t\t<\/div>\n\t\t\t\t<div class=\"elementor-element elementor-element-ce015db elementor-widget elementor-widget-text-editor\" data-id=\"ce015db\" data-element_type=\"widget\" data-e-type=\"widget\" data-widget_type=\"text-editor.default\">\n\t\t\t\t<div class=\"elementor-widget-container\">\n\t\t\t\t\t\t\t\t\t<p>La pr\u00e9carit\u00e9 menstruelle est la difficult\u00e9 ou le manque d\u2019acc\u00e8s aux produits menstruels pour les personnes menstru\u00e9es en situation de pr\u00e9carit\u00e9.<\/p><p>Par extension, la pr\u00e9carit\u00e9 menstruelle est l\u2019obligation de faire un choix lors de l\u2019achat de produits de premi\u00e8re n\u00e9cessit\u00e9 et de renoncer, en totalit\u00e9 ou en partie, \u00e0 l\u2019achat de produits menstruels par manque de moyens financiers.<\/p><p>Le manque d\u2019information et d\u2019\u00e9ducation par rapport aux menstruations repr\u00e9sente \u00e9galement une forme de pr\u00e9carit\u00e9 menstruelle.<\/p><p>Le manque d\u2019installations sanitaires propres, adapt\u00e9es et s\u00e9curis\u00e9es pour se changer en toute s\u00e9curit\u00e9 renforce le sentiment de pr\u00e9carit\u00e9 menstruelle.<\/p><p>En r\u00e9sum\u00e9, sans produits menstruels en quantit\u00e9 suffisante, sans information adapt\u00e9e sur la sant\u00e9 menstruelle et sans conditions d\u2019hygi\u00e8ne ad\u00e9quates pour se changer, les r\u00e8gles ne peuvent pas \u00eatre v\u00e9cues en toute dignit\u00e9.<\/p>\t\t\t\t\t\t\t\t<\/div>\n\t\t\t\t<\/div>\n\t\t\t\t\t<\/div>\n\t\t<\/div>\n\t\t\t\t\t<\/div>\n\t\t<\/section>\n\t\t\t\t<section class=\"elementor-section elementor-top-section elementor-element elementor-element-2c714aef elementor-section-boxed elementor-section-height-default elementor-section-height-default\" data-id=\"2c714aef\" data-element_type=\"section\" data-e-type=\"section\" data-settings=\"{&quot;jet_parallax_layout_list&quot;:[]}\">\n\t\t\t\t\t\t<div class=\"elementor-container elementor-column-gap-default\">\n\t\t\t\t\t<div class=\"elementor-column elementor-col-100 elementor-top-column elementor-element elementor-element-52d2f2c1\" data-id=\"52d2f2c1\" data-element_type=\"column\" data-e-type=\"column\">\n\t\t\t<div class=\"elementor-widget-wrap elementor-element-populated\">\n\t\t\t\t\t\t<div class=\"elementor-element elementor-element-bd1fbf6 elementor-widget elementor-widget-heading\" data-id=\"bd1fbf6\" data-element_type=\"widget\" data-e-type=\"widget\" data-widget_type=\"heading.default\">\n\t\t\t\t<div class=\"elementor-widget-container\">\n\t\t\t\t\t<h2 class=\"elementor-heading-title elementor-size-default\">qu'est-ce que La s\u00e9curit\u00e9 menstruelle ?<\/h2>\t\t\t\t<\/div>\n\t\t\t\t<\/div>\n\t\t\t\t<div class=\"elementor-element elementor-element-384ceb6 elementor-widget elementor-widget-text-editor\" data-id=\"384ceb6\" data-element_type=\"widget\" data-e-type=\"widget\" data-widget_type=\"text-editor.default\">\n\t\t\t\t<div class=\"elementor-widget-container\">\n\t\t\t\t\t\t\t\t\t<p>La s\u00e9curit\u00e9 menstruelle est la possibilit\u00e9 pour toute personne menstru\u00e9e, en situation de pr\u00e9carit\u00e9 ou non, de disposer de produits menstruels gratuits afin de palier \u00e0 toute circonstance impr\u00e9vue et de pouvoir g\u00e9rer ses menstruations en toute s\u00e9r\u00e9nit\u00e9.<\/p>\n<p>La s\u00e9curit\u00e9 menstruelle permet de r\u00e9duire la charge mentale* des personnes menstru\u00e9es en leur permettant de vivre leurs r\u00e8gles quel que soit le lieu et le moment ou celles-ci apparaissent. Par exemple, \u00e0 l\u2019\u00e9cole, sur le lieu de travail, dans les clubs sportifs, dans les lieux culturels et de loisir ou dans les toilettes publiques.<\/p>\n<h6><i>* La charge mentale est une charge invisible et subjective qui se d\u00e9finit par le fait de devoir penser simultan\u00e9ment \u00e0 un ensemble de choses. Elle d\u00e9pend de facteurs individuels, contextuels et organisationnels. La charge mentale est associ\u00e9e \u00e0 la sensation de \u00ab\u00a0t\u00eate pleine\u00a0\u00bb qui peut engendrer une fatigue psychique et physique.<\/i><\/h6>\t\t\t\t\t\t\t\t<\/div>\n\t\t\t\t<\/div>\n\t\t\t\t\t<\/div>\n\t\t<\/div>\n\t\t\t\t\t<\/div>\n\t\t<\/section>\n\t\t\t\t<section class=\"elementor-section elementor-top-section elementor-element elementor-element-a3316e7 elementor-section-boxed elementor-section-height-default elementor-section-height-default\" data-id=\"a3316e7\" data-element_type=\"section\" data-e-type=\"section\" data-settings=\"{&quot;jet_parallax_layout_list&quot;:[]}\">\n\t\t\t\t\t\t<div class=\"elementor-container elementor-column-gap-default\">\n\t\t\t\t\t<div class=\"elementor-column elementor-col-100 elementor-top-column elementor-element elementor-element-425cd13\" data-id=\"425cd13\" data-element_type=\"column\" data-e-type=\"column\">\n\t\t\t<div class=\"elementor-widget-wrap elementor-element-populated\">\n\t\t\t\t\t\t<div class=\"elementor-element elementor-element-ae67582 elementor-widget elementor-widget-heading\" data-id=\"ae67582\" data-element_type=\"widget\" data-e-type=\"widget\" data-widget_type=\"heading.default\">\n\t\t\t\t<div class=\"elementor-widget-container\">\n\t\t\t\t\t<h2 class=\"elementor-heading-title elementor-size-default\">Les r\u00e8gles, un sujet tabou ?<\/h2>\t\t\t\t<\/div>\n\t\t\t\t<\/div>\n\t\t\t\t<div class=\"elementor-element elementor-element-e8dca33 elementor-widget elementor-widget-text-editor\" data-id=\"e8dca33\" data-element_type=\"widget\" data-e-type=\"widget\" data-widget_type=\"text-editor.default\">\n\t\t\t\t<div class=\"elementor-widget-container\">\n\t\t\t\t\t\t\t\t\t<p>S\u2019il existe un tabou* autour des r\u00e8gles, c\u2019est parce que le sang menstruel est depuis toujours consid\u00e9r\u00e9 comme impur. Les mythes, int\u00e9rioris\u00e9s et encore bien ancr\u00e9s dans notre soci\u00e9t\u00e9 patriarcale, v\u00e9hiculent de nombreuses visions n\u00e9gatives sur les r\u00e8gles et ont, pour les personnes menstru\u00e9es, des cons\u00e9quences sur la perception de leurs corps. Les menstruations sont un sujet dont on ne parle pas.<\/p><p>Aujourd\u2019hui encore, il existe un silence et une m\u00e9connaissance autour des menstruations, du cycle menstruel, des douleurs et maladies li\u00e9es aux r\u00e8gles. Les mentalit\u00e9s \u00e9voluent mais il reste encore un grand chemin \u00e0 parcourir pour briser le tabou autour des r\u00e8gles et en finir avec la honte qui les entoure.<\/p><h6>*<i> le tabou d\u00e9signe un sujet per\u00e7u comme dangereux ou interdit dont on ne peut pas parler librement \u00e0 cause de contraintes sociales, religieuses ou culturelles.<\/i><\/h6>\t\t\t\t\t\t\t\t<\/div>\n\t\t\t\t<\/div>\n\t\t\t\t\t<\/div>\n\t\t<\/div>\n\t\t\t\t\t<\/div>\n\t\t<\/section>\n\t\t\t\t<\/div>\n\t\t","protected":false},"excerpt":{"rendered":"<p>notre action BruZelle est une association belge qui lutte activement contre la pr\u00e9carit\u00e9 menstruelle et le tabou autour des r\u00e8gles depuis 2016. Depuis sa cr\u00e9ation, BruZelle identifie et met en lumi\u00e8re la probl\u00e9matique de la pr\u00e9carit\u00e9 menstruelle en Belgique. A cette fin, diff\u00e9rentes directions ont \u00e9t\u00e9 explor\u00e9es telles que la m\u00e9thodologie de collecte et de [&hellip;]<\/p>\n","protected":false},"author":1,"featured_media":0,"parent":0,"menu_order":2,"comment_status":"closed","ping_status":"closed","template":"","meta":{"_acf_changed":false,"_exactmetrics_skip_tracking":false,"_exactmetrics_sitenote_active":false,"_exactmetrics_sitenote_note":"","_exactmetrics_sitenote_category":0,"footnotes":""},"class_list":["post-8012","page","type-page","status-publish","hentry"],"acf":[],"_links":{"self":[{"href":"https:\/\/www.bruzelle.be\/fr\/wp-json\/wp\/v2\/pages\/8012","targetHints":{"allow":["GET"]}}],"collection":[{"href":"https:\/\/www.bruzelle.be\/fr\/wp-json\/wp\/v2\/pages"}],"about":[{"href":"https:\/\/www.bruzelle.be\/fr\/wp-json\/wp\/v2\/types\/page"}],"author":[{"embeddable":true,"href":"https:\/\/www.bruzelle.be\/fr\/wp-json\/wp\/v2\/users\/1"}],"replies":[{"embeddable":true,"href":"https:\/\/www.bruzelle.be\/fr\/wp-json\/wp\/v2\/comments?post=8012"}],"version-history":[{"count":0,"href":"https:\/\/www.bruzelle.be\/fr\/wp-json\/wp\/v2\/pages\/8012\/revisions"}],"wp:attachment":[{"href":"https:\/\/www.bruzelle.be\/fr\/wp-json\/wp\/v2\/media?parent=8012"}],"curies":[{"name":"wp","href":"https:\/\/api.w.org\/{rel}","templated":true}]}}