{"id":8973,"date":"2023-01-17T14:07:35","date_gmt":"2023-01-17T13:07:35","guid":{"rendered":"https:\/\/www.bruzelle.be\/?page_id=8973"},"modified":"2023-03-17T17:05:18","modified_gmt":"2023-03-17T16:05:18","slug":"je-suis-une-entreprise","status":"publish","type":"page","link":"https:\/\/www.bruzelle.be\/fr\/aider-et-participer\/je-suis-une-entreprise\/","title":{"rendered":"je suis une entreprise"},"content":{"rendered":"\t\t<div data-elementor-type=\"wp-page\" data-elementor-id=\"8973\" class=\"elementor elementor-8973\">\n\t\t\t\t\t\t<section class=\"elementor-section elementor-top-section elementor-element elementor-element-762ba3a4 elementor-section-full_width elementor-section-height-min-height elementor-section-stretched elementor-section-height-default elementor-section-items-middle\" data-id=\"762ba3a4\" data-element_type=\"section\" data-settings=\"{&quot;stretch_section&quot;:&quot;section-stretched&quot;,&quot;jet_parallax_layout_list&quot;:[],&quot;background_background&quot;:&quot;classic&quot;}\">\n\t\t\t\t\t\t<div class=\"elementor-container elementor-column-gap-default\">\n\t\t\t\t\t<div class=\"elementor-column elementor-col-100 elementor-top-column elementor-element elementor-element-876becb\" data-id=\"876becb\" data-element_type=\"column\">\n\t\t\t<div class=\"elementor-widget-wrap\">\n\t\t\t\t\t\t\t<\/div>\n\t\t<\/div>\n\t\t\t\t\t<\/div>\n\t\t<\/section>\n\t\t\t\t<section class=\"elementor-section elementor-top-section elementor-element elementor-element-48a0a63 elementor-section-boxed elementor-section-height-default elementor-section-height-default\" data-id=\"48a0a63\" data-element_type=\"section\" data-settings=\"{&quot;jet_parallax_layout_list&quot;:[]}\">\n\t\t\t\t\t\t<div class=\"elementor-container elementor-column-gap-default\">\n\t\t\t\t\t<div class=\"elementor-column elementor-col-100 elementor-top-column elementor-element elementor-element-6ce2c33\" data-id=\"6ce2c33\" data-element_type=\"column\">\n\t\t\t<div class=\"elementor-widget-wrap elementor-element-populated\">\n\t\t\t\t\t\t<div class=\"elementor-element elementor-element-524c042 elementor-widget elementor-widget-heading\" data-id=\"524c042\" data-element_type=\"widget\" data-widget_type=\"heading.default\">\n\t\t\t\t<div class=\"elementor-widget-container\">\n\t\t\t\t\t<h2 class=\"elementor-heading-title elementor-size-default\">je suis une entreprise<\/h2>\t\t\t\t<\/div>\n\t\t\t\t<\/div>\n\t\t\t\t<div class=\"elementor-element elementor-element-eb13afe elementor-widget elementor-widget-text-editor\" data-id=\"eb13afe\" data-element_type=\"widget\" data-widget_type=\"text-editor.default\">\n\t\t\t\t<div class=\"elementor-widget-container\">\n\t\t\t\t\t\t\t\t\t<p style=\"text-align: justify;\">En tant qu&rsquo;entreprise, organisation ou fondation, vous avez un r\u00f4le important \u00e0 jouer afin de tendre vers une soci\u00e9t\u00e9 plus \u00e9galitaire entre les femmes et les hommes. Les r\u00e8gles et la pr\u00e9carit\u00e9 menstruelle ne sont pas seulement une question de sant\u00e9 ou de pauvret\u00e9, c&rsquo;est aussi une question d&rsquo;in\u00e9galit\u00e9 de genre, de discrimination, de stigmatisation et de tabou.\u00a0<\/p><p style=\"text-align: justify;\">Par un engagement aux c\u00f4t\u00e9s de BruZelle, quelle que soit la forme qu&rsquo;il prend, vous marquez votre souhait de faire \u00e9voluer les choses et d&rsquo;amener un changement des mentalit\u00e9s au sein de votre entreprise et dans notre soci\u00e9t\u00e9.<\/p><p style=\"text-align: justify;\"><span style=\"text-align: justify;\">N\u2019h\u00e9sitez pas \u00e0 prendre contact avec nous pour de plus amples informations :\u00a0<\/span><a style=\"background-color: #ffffff; text-align: justify;\" href=\"mailto:info@bruzelle.be\">info@bruzelle.be<\/a><\/p>\t\t\t\t\t\t\t\t<\/div>\n\t\t\t\t<\/div>\n\t\t\t\t\t<\/div>\n\t\t<\/div>\n\t\t\t\t\t<\/div>\n\t\t<\/section>\n\t\t\t\t<section class=\"elementor-section elementor-top-section elementor-element elementor-element-8489a2a elementor-section-boxed elementor-section-height-default elementor-section-height-default\" data-id=\"8489a2a\" data-element_type=\"section\" data-settings=\"{&quot;jet_parallax_layout_list&quot;:[]}\">\n\t\t\t\t\t\t<div class=\"elementor-container elementor-column-gap-default\">\n\t\t\t\t\t<div class=\"raven-column-link elementor-column elementor-col-33 elementor-top-column elementor-element elementor-element-13d70e2\" data-raven-link=\"#mecene\" data-raven-link-target=\"_self\" data-id=\"13d70e2\" data-element_type=\"column\" data-settings=\"{&quot;background_background&quot;:&quot;classic&quot;}\">\n\t\t\t<div class=\"elementor-widget-wrap elementor-element-populated\">\n\t\t\t\t\t\t<div class=\"elementor-element elementor-element-80eb5c2 elementor-widget elementor-widget-image\" data-id=\"80eb5c2\" data-element_type=\"widget\" data-widget_type=\"image.default\">\n\t\t\t\t<div class=\"elementor-widget-container\">\n\t\t\t\t\t\t\t\t\t\t\t\t\t\t\t<img decoding=\"async\" width=\"53\" height=\"100\" src=\"https:\/\/www.bruzelle.be\/wp-content\/uploads\/2023\/02\/Coeur-53x100-2.png\" class=\"elementor-animation-pulse attachment-large size-large wp-image-10429\" alt=\"\" \/>\t\t\t\t\t\t\t\t\t\t\t\t\t\t\t<\/div>\n\t\t\t\t<\/div>\n\t\t\t\t<div class=\"elementor-element elementor-element-5464058 e-transform elementor-widget elementor-widget-icon-box\" data-id=\"5464058\" data-element_type=\"widget\" data-settings=\"{&quot;_transform_scale_effect_hover&quot;:{&quot;unit&quot;:&quot;px&quot;,&quot;size&quot;:0.9,&quot;sizes&quot;:[]},&quot;_transform_scale_effect_hover_tablet&quot;:{&quot;unit&quot;:&quot;px&quot;,&quot;size&quot;:&quot;&quot;,&quot;sizes&quot;:[]},&quot;_transform_scale_effect_hover_mobile&quot;:{&quot;unit&quot;:&quot;px&quot;,&quot;size&quot;:&quot;&quot;,&quot;sizes&quot;:[]}}\" data-widget_type=\"icon-box.default\">\n\t\t\t\t<div class=\"elementor-widget-container\">\n\t\t\t\t\t\t\t<div class=\"elementor-icon-box-wrapper\">\n\n\t\t\t\n\t\t\t\t\t\t<div class=\"elementor-icon-box-content\">\n\n\t\t\t\t\n\t\t\t\t\t\t\t\t\t<p class=\"elementor-icon-box-description\">\n\t\t\t\t\t\tje deviens m\u00e9c\u00e8ne \t\t\t\t\t<\/p>\n\t\t\t\t\n\t\t\t<\/div>\n\t\t\t\n\t\t<\/div>\n\t\t\t\t\t\t<\/div>\n\t\t\t\t<\/div>\n\t\t\t\t\t<\/div>\n\t\t<\/div>\n\t\t\t\t<div class=\"raven-column-link elementor-column elementor-col-33 elementor-top-column elementor-element elementor-element-82466aa\" data-raven-link=\"#sponsor\" data-raven-link-target=\"_self\" data-id=\"82466aa\" data-element_type=\"column\" data-settings=\"{&quot;background_background&quot;:&quot;classic&quot;}\">\n\t\t\t<div class=\"elementor-widget-wrap elementor-element-populated\">\n\t\t\t\t\t\t<div class=\"elementor-element elementor-element-975a4a8 elementor-widget elementor-widget-image\" data-id=\"975a4a8\" data-element_type=\"widget\" data-widget_type=\"image.default\">\n\t\t\t\t<div class=\"elementor-widget-container\">\n\t\t\t\t\t\t\t\t\t\t\t\t\t\t\t<img decoding=\"async\" width=\"108\" height=\"100\" src=\"https:\/\/www.bruzelle.be\/wp-content\/uploads\/2023\/02\/Fleurs-108x100-2.png\" class=\"elementor-animation-pulse attachment-large size-large wp-image-10036\" alt=\"\" \/>\t\t\t\t\t\t\t\t\t\t\t\t\t\t\t<\/div>\n\t\t\t\t<\/div>\n\t\t\t\t<div class=\"elementor-element elementor-element-8c18553 e-transform elementor-widget elementor-widget-icon-box\" data-id=\"8c18553\" data-element_type=\"widget\" data-settings=\"{&quot;_transform_scale_effect_hover&quot;:{&quot;unit&quot;:&quot;px&quot;,&quot;size&quot;:0.9,&quot;sizes&quot;:[]},&quot;_transform_scale_effect_hover_tablet&quot;:{&quot;unit&quot;:&quot;px&quot;,&quot;size&quot;:&quot;&quot;,&quot;sizes&quot;:[]},&quot;_transform_scale_effect_hover_mobile&quot;:{&quot;unit&quot;:&quot;px&quot;,&quot;size&quot;:&quot;&quot;,&quot;sizes&quot;:[]}}\" data-widget_type=\"icon-box.default\">\n\t\t\t\t<div class=\"elementor-widget-container\">\n\t\t\t\t\t\t\t<div class=\"elementor-icon-box-wrapper\">\n\n\t\t\t\n\t\t\t\t\t\t<div class=\"elementor-icon-box-content\">\n\n\t\t\t\t\n\t\t\t\t\t\t\t\t\t<p class=\"elementor-icon-box-description\">\n\t\t\t\t\t\tje deviens sponsor\t\t\t\t\t<\/p>\n\t\t\t\t\n\t\t\t<\/div>\n\t\t\t\n\t\t<\/div>\n\t\t\t\t\t\t<\/div>\n\t\t\t\t<\/div>\n\t\t\t\t\t<\/div>\n\t\t<\/div>\n\t\t\t\t<div class=\"raven-column-link elementor-column elementor-col-33 elementor-top-column elementor-element elementor-element-9c80a50\" data-raven-link=\"#collecte\" data-raven-link-target=\"_self\" data-id=\"9c80a50\" data-element_type=\"column\" data-settings=\"{&quot;background_background&quot;:&quot;classic&quot;}\">\n\t\t\t<div class=\"elementor-widget-wrap elementor-element-populated\">\n\t\t\t\t\t\t<div class=\"elementor-element elementor-element-f4d7b1c elementor-widget elementor-widget-image\" data-id=\"f4d7b1c\" data-element_type=\"widget\" data-widget_type=\"image.default\">\n\t\t\t\t<div class=\"elementor-widget-container\">\n\t\t\t\t\t\t\t\t\t\t\t\t\t\t\t<img decoding=\"async\" width=\"122\" height=\"100\" src=\"https:\/\/www.bruzelle.be\/wp-content\/uploads\/2023\/02\/Boi\u0302te-de-collecte-122x100-2.png\" class=\"elementor-animation-pulse attachment-large size-large wp-image-10432\" alt=\"\" \/>\t\t\t\t\t\t\t\t\t\t\t\t\t\t\t<\/div>\n\t\t\t\t<\/div>\n\t\t\t\t<div class=\"elementor-element elementor-element-7a505c2 e-transform elementor-widget elementor-widget-icon-box\" data-id=\"7a505c2\" data-element_type=\"widget\" data-settings=\"{&quot;_transform_scale_effect_hover&quot;:{&quot;unit&quot;:&quot;px&quot;,&quot;size&quot;:0.9,&quot;sizes&quot;:[]},&quot;_transform_scale_effect_hover_tablet&quot;:{&quot;unit&quot;:&quot;px&quot;,&quot;size&quot;:&quot;&quot;,&quot;sizes&quot;:[]},&quot;_transform_scale_effect_hover_mobile&quot;:{&quot;unit&quot;:&quot;px&quot;,&quot;size&quot;:&quot;&quot;,&quot;sizes&quot;:[]}}\" data-widget_type=\"icon-box.default\">\n\t\t\t\t<div class=\"elementor-widget-container\">\n\t\t\t\t\t\t\t<div class=\"elementor-icon-box-wrapper\">\n\n\t\t\t\n\t\t\t\t\t\t<div class=\"elementor-icon-box-content\">\n\n\t\t\t\t\n\t\t\t\t\t\t\t\t\t<p class=\"elementor-icon-box-description\">\n\t\t\t\t\t\tj'organise une collecte\t\t\t\t\t<\/p>\n\t\t\t\t\n\t\t\t<\/div>\n\t\t\t\n\t\t<\/div>\n\t\t\t\t\t\t<\/div>\n\t\t\t\t<\/div>\n\t\t\t\t\t<\/div>\n\t\t<\/div>\n\t\t\t\t\t<\/div>\n\t\t<\/section>\n\t\t\t\t<section class=\"elementor-section elementor-top-section elementor-element elementor-element-9bd159c elementor-section-boxed elementor-section-height-default elementor-section-height-default\" data-id=\"9bd159c\" data-element_type=\"section\" data-settings=\"{&quot;jet_parallax_layout_list&quot;:[]}\">\n\t\t\t\t\t\t<div class=\"elementor-container elementor-column-gap-default\">\n\t\t\t\t\t<div class=\"elementor-column elementor-col-100 elementor-top-column elementor-element elementor-element-72755444\" data-id=\"72755444\" data-element_type=\"column\">\n\t\t\t<div class=\"elementor-widget-wrap elementor-element-populated\">\n\t\t\t\t\t\t<div class=\"elementor-element elementor-element-53d44f9 elementor-widget elementor-widget-heading\" data-id=\"53d44f9\" data-element_type=\"widget\" id=\"mecene\" data-widget_type=\"heading.default\">\n\t\t\t\t<div class=\"elementor-widget-container\">\n\t\t\t\t\t<h2 class=\"elementor-heading-title elementor-size-default\">DEVENIR M\u00e9c\u00e8ne<\/h2>\t\t\t\t<\/div>\n\t\t\t\t<\/div>\n\t\t\t\t<div class=\"elementor-element elementor-element-d69ad9a elementor-widget elementor-widget-text-editor\" data-id=\"d69ad9a\" data-element_type=\"widget\" data-widget_type=\"text-editor.default\">\n\t\t\t\t<div class=\"elementor-widget-container\">\n\t\t\t\t\t\t\t\t\t<p style=\"text-align: justify;\">Etre m\u00e9c\u00e8ne de BruZelle c&rsquo;est engager votre entreprise, votre organisation, votre fondation dans la lutte active contre la pr\u00e9carit\u00e9 menstruelle, dans la sensibilisation et l&rsquo;\u00e9ducation des jeunes et dans la construction d&rsquo;une soci\u00e9t\u00e9 plus \u00e9galitaire.&nbsp;<\/p>\n<p style=\"text-align: justify;\">Par une relation durable et constructive avec BruZelle, vous exprimez les valeurs et l&rsquo;implication de votre entreprise dans une plus grande \u00e9galit\u00e9 entre les femmes et les hommes. Votre engagement sera mis en lumi\u00e8re sur les plateformes digitales et lors des \u00e9v\u00e8nements que nous organisons ou auxquels nous participons afin de v\u00e9hiculer votre image et votre engagement aupr\u00e8s de vos clients, fournisseurs, partenaires publics et priv\u00e9s.&nbsp;<\/p>\n<p style=\"text-align: justify;\">Vous pouvez choisir de vous engager dans le projet global de BruZelle ou d&rsquo;orienter votre soutien financier vers une mission sp\u00e9cifique de l&rsquo;association.<\/p>\n<p style=\"text-align: center;\">\n<\/p>\t\t\t\t\t\t\t\t<\/div>\n\t\t\t\t<\/div>\n\t\t\t\t\t<\/div>\n\t\t<\/div>\n\t\t\t\t\t<\/div>\n\t\t<\/section>\n\t\t\t\t<section class=\"elementor-section elementor-top-section elementor-element elementor-element-f884941 elementor-section-boxed elementor-section-height-default elementor-section-height-default\" data-id=\"f884941\" data-element_type=\"section\" data-settings=\"{&quot;jet_parallax_layout_list&quot;:[]}\">\n\t\t\t\t\t\t<div class=\"elementor-container elementor-column-gap-default\">\n\t\t\t\t\t<div class=\"elementor-column elementor-col-100 elementor-top-column elementor-element elementor-element-8834ee1\" data-id=\"8834ee1\" data-element_type=\"column\">\n\t\t\t<div class=\"elementor-widget-wrap elementor-element-populated\">\n\t\t\t\t\t\t<div class=\"elementor-element elementor-element-f4bb810 elementor-widget elementor-widget-heading\" data-id=\"f4bb810\" data-element_type=\"widget\" id=\"sponsor\" data-widget_type=\"heading.default\">\n\t\t\t\t<div class=\"elementor-widget-container\">\n\t\t\t\t\t<h2 class=\"elementor-heading-title elementor-size-default\">Devenir sponsor<\/h2>\t\t\t\t<\/div>\n\t\t\t\t<\/div>\n\t\t\t\t<div class=\"elementor-element elementor-element-c915e56 elementor-widget elementor-widget-text-editor\" data-id=\"c915e56\" data-element_type=\"widget\" data-widget_type=\"text-editor.default\">\n\t\t\t\t<div class=\"elementor-widget-container\">\n\t\t\t\t\t\t\t\t\t<p style=\"text-align: justify;\">Votre entreprise souhaite devenir partenaire de BruZelle dans le cadre d\u2019un \u00e9v\u00e9nement ?<\/p><p style=\"text-align: justify;\">Vous pouvez soutenir financi\u00e8rement ou mat\u00e9riellement une action sp\u00e9cifique de BruZelle, un \u00e9v\u00e9nement culturel ou sportif que nous organisons ou auquel nous participons tels que des festivals ou les 20km de Bruxelles ?<\/p><p style=\"text-align: justify;\">BruZelle vous offre de la visibilit\u00e9 et v\u00e9hicule une image positive de votre engagement \u00e0 nos c\u00f4t\u00e9s lors de sa participation aux \u00e9v\u00e8nements dont vous \u00eates le sponsor ainsi que sur son site internet et les r\u00e9seaux sociaux avant et pendant la dur\u00e9e de l\u2019\u00e9v\u00e9nement.<\/p>\t\t\t\t\t\t\t\t<\/div>\n\t\t\t\t<\/div>\n\t\t\t\t\t<\/div>\n\t\t<\/div>\n\t\t\t\t\t<\/div>\n\t\t<\/section>\n\t\t\t\t<section class=\"elementor-section elementor-top-section elementor-element elementor-element-8d75b82 elementor-section-boxed elementor-section-height-default elementor-section-height-default\" data-id=\"8d75b82\" data-element_type=\"section\" data-settings=\"{&quot;jet_parallax_layout_list&quot;:[]}\">\n\t\t\t\t\t\t<div class=\"elementor-container elementor-column-gap-default\">\n\t\t\t\t\t<div class=\"elementor-column elementor-col-100 elementor-top-column elementor-element elementor-element-6190088\" data-id=\"6190088\" data-element_type=\"column\">\n\t\t\t<div class=\"elementor-widget-wrap elementor-element-populated\">\n\t\t\t\t\t\t<div class=\"elementor-element elementor-element-0b66ad2 elementor-widget elementor-widget-heading\" data-id=\"0b66ad2\" data-element_type=\"widget\" id=\"collecte\" data-widget_type=\"heading.default\">\n\t\t\t\t<div class=\"elementor-widget-container\">\n\t\t\t\t\t<h2 class=\"elementor-heading-title elementor-size-default\">Organiser une collecte<\/h2>\t\t\t\t<\/div>\n\t\t\t\t<\/div>\n\t\t\t\t<div class=\"elementor-element elementor-element-2c047df elementor-widget elementor-widget-text-editor\" data-id=\"2c047df\" data-element_type=\"widget\" data-widget_type=\"text-editor.default\">\n\t\t\t\t<div class=\"elementor-widget-container\">\n\t\t\t\t\t\t\t\t\t<p style=\"text-align: justify;\">Vous souhaitez collecter des fonds ou des produits menstruels au sein de votre entreprise ?<\/p>\n<p style=\"text-align: justify;\">La collecte de produits menstruels au sein de l&rsquo;entreprise est un excellent moyen d&rsquo;initier la sensibilisation et la r\u00e9flexion autour des r\u00e8gles et leurs implications dans le monde du travail. Vous pouvez installer une bo\u00eete de collecte, de fa\u00e7on ponctuelle ou permanente, dans un lieu accessible aux membres de votre personnel et les encourager \u00e0 y d\u00e9poser des produits menstruels.&nbsp;<\/p>\n<p style=\"text-align: justify;\">Vous pouvez \u00e9galement opter pour un appel aux dons financiers et, soit vous charger de collecter les dons, soit inviter votre personnel \u00e0 faire un versement directement sur compte de BruZelle. Dans ce dernier cas, vos employ\u00e9\u00b7es recevront une attestation fiscale en fin d&rsquo;ann\u00e9e leur permettant de b\u00e9n\u00e9ficier d&rsquo;une r\u00e9duction d&rsquo;imp\u00f4ts (pour un don minimum de 40\u20ac).<\/p>\n<p style=\"text-align: justify;\">Avec votre accord, les r\u00e9sultats de vos collectes seront communiqu\u00e9s sur les r\u00e9seaux sociaux afin de vous remercier et de visibiliser tant votre implication que l&rsquo;impact positif de celle-ci dans l&rsquo;action globale de BruZelle.<br><\/p>\t\t\t\t\t\t\t\t<\/div>\n\t\t\t\t<\/div>\n\t\t\t\t\t<\/div>\n\t\t<\/div>\n\t\t\t\t\t<\/div>\n\t\t<\/section>\n\t\t\t\t<\/div>\n\t\t","protected":false},"excerpt":{"rendered":"<p>je suis une entreprise En tant qu&rsquo;entreprise, organisation ou fondation, vous avez un r\u00f4le important \u00e0 jouer afin de tendre vers une soci\u00e9t\u00e9 plus \u00e9galitaire entre les femmes et les hommes. Les r\u00e8gles et la pr\u00e9carit\u00e9 menstruelle ne sont pas seulement une question de sant\u00e9 ou de pauvret\u00e9, c&rsquo;est aussi une question d&rsquo;in\u00e9galit\u00e9 de genre, [&hellip;]<\/p>\n","protected":false},"author":1,"featured_media":0,"parent":8726,"menu_order":0,"comment_status":"closed","ping_status":"closed","template":"","meta":{"_acf_changed":false,"_exactmetrics_skip_tracking":false,"_exactmetrics_sitenote_active":false,"_exactmetrics_sitenote_note":"","_exactmetrics_sitenote_category":0,"footnotes":""},"class_list":["post-8973","page","type-page","status-publish","hentry"],"acf":[],"_links":{"self":[{"href":"https:\/\/www.bruzelle.be\/fr\/wp-json\/wp\/v2\/pages\/8973","targetHints":{"allow":["GET"]}}],"collection":[{"href":"https:\/\/www.bruzelle.be\/fr\/wp-json\/wp\/v2\/pages"}],"about":[{"href":"https:\/\/www.bruzelle.be\/fr\/wp-json\/wp\/v2\/types\/page"}],"author":[{"embeddable":true,"href":"https:\/\/www.bruzelle.be\/fr\/wp-json\/wp\/v2\/users\/1"}],"replies":[{"embeddable":true,"href":"https:\/\/www.bruzelle.be\/fr\/wp-json\/wp\/v2\/comments?post=8973"}],"version-history":[{"count":0,"href":"https:\/\/www.bruzelle.be\/fr\/wp-json\/wp\/v2\/pages\/8973\/revisions"}],"up":[{"embeddable":true,"href":"https:\/\/www.bruzelle.be\/fr\/wp-json\/wp\/v2\/pages\/8726"}],"wp:attachment":[{"href":"https:\/\/www.bruzelle.be\/fr\/wp-json\/wp\/v2\/media?parent=8973"}],"curies":[{"name":"wp","href":"https:\/\/api.w.org\/{rel}","templated":true}]}}