{"id":8987,"date":"2023-01-17T16:56:45","date_gmt":"2023-01-17T15:56:45","guid":{"rendered":"https:\/\/www.bruzelle.be\/?page_id=8987"},"modified":"2023-03-17T17:02:17","modified_gmt":"2023-03-17T16:02:17","slug":"je-suis-etudiant-e","status":"publish","type":"page","link":"https:\/\/www.bruzelle.be\/fr\/aider-et-participer\/je-suis-etudiant-e\/","title":{"rendered":"je suis \u00e9tudiant.e"},"content":{"rendered":"\t\t<div data-elementor-type=\"wp-page\" data-elementor-id=\"8987\" class=\"elementor elementor-8987\">\n\t\t\t\t\t\t<section class=\"elementor-section elementor-top-section elementor-element elementor-element-762ba3a4 elementor-section-full_width elementor-section-height-min-height elementor-section-stretched elementor-section-height-default elementor-section-items-middle\" data-id=\"762ba3a4\" data-element_type=\"section\" data-settings=\"{&quot;stretch_section&quot;:&quot;section-stretched&quot;,&quot;jet_parallax_layout_list&quot;:[],&quot;background_background&quot;:&quot;classic&quot;}\">\n\t\t\t\t\t\t<div class=\"elementor-container elementor-column-gap-default\">\n\t\t\t\t\t<div class=\"elementor-column elementor-col-100 elementor-top-column elementor-element elementor-element-876becb\" data-id=\"876becb\" data-element_type=\"column\">\n\t\t\t<div class=\"elementor-widget-wrap\">\n\t\t\t\t\t\t\t<\/div>\n\t\t<\/div>\n\t\t\t\t\t<\/div>\n\t\t<\/section>\n\t\t\t\t<section class=\"elementor-section elementor-top-section elementor-element elementor-element-48a0a63 elementor-section-boxed elementor-section-height-default elementor-section-height-default\" data-id=\"48a0a63\" data-element_type=\"section\" data-settings=\"{&quot;jet_parallax_layout_list&quot;:[]}\">\n\t\t\t\t\t\t<div class=\"elementor-container elementor-column-gap-default\">\n\t\t\t\t\t<div class=\"elementor-column elementor-col-100 elementor-top-column elementor-element elementor-element-6ce2c33\" data-id=\"6ce2c33\" data-element_type=\"column\">\n\t\t\t<div class=\"elementor-widget-wrap elementor-element-populated\">\n\t\t\t\t\t\t<div class=\"elementor-element elementor-element-524c042 elementor-widget elementor-widget-heading\" data-id=\"524c042\" data-element_type=\"widget\" data-widget_type=\"heading.default\">\n\t\t\t\t<div class=\"elementor-widget-container\">\n\t\t\t\t\t<h2 class=\"elementor-heading-title elementor-size-default\">je suis \u00e9tudiant\u00b7e<\/h2>\t\t\t\t<\/div>\n\t\t\t\t<\/div>\n\t\t\t\t<div class=\"elementor-element elementor-element-eb13afe elementor-widget elementor-widget-text-editor\" data-id=\"eb13afe\" data-element_type=\"widget\" data-widget_type=\"text-editor.default\">\n\t\t\t\t<div class=\"elementor-widget-container\">\n\t\t\t\t\t\t\t\t\t<p style=\"text-align: justify;\">En tant qu&rsquo;\u00e9tudiant\u00b7e, il existe diff\u00e9rents moyens d&rsquo;apporter ton aide \u00e0 BruZelle, que ce soit \u00e0 titre individuel ou dans le cadre de ton \u00e9cole, haute-\u00e9cole, universit\u00e9, cercle ou kot \u00e0 projet.\u00a0<\/p><p style=\"text-align: justify;\">Tu peux participer aux actions de terrain ou enrichir nos approches par tes id\u00e9es, tes r\u00e9flexions, tes exp\u00e9riences et tes t\u00e9moignages dans le milieu estudiantin.<\/p><p style=\"text-align: justify;\">N\u2019h\u00e9site pas \u00e0 prendre contact avec nous pour de plus amples informations :\u00a0<a style=\"background-color: #ffffff;\" href=\"mailto:info@bruzelle.be\">info@bruzelle.be<\/a><\/p>\t\t\t\t\t\t\t\t<\/div>\n\t\t\t\t<\/div>\n\t\t\t\t\t<\/div>\n\t\t<\/div>\n\t\t\t\t\t<\/div>\n\t\t<\/section>\n\t\t\t\t<section class=\"elementor-section elementor-top-section elementor-element elementor-element-3427441 elementor-section-boxed elementor-section-height-default elementor-section-height-default\" data-id=\"3427441\" data-element_type=\"section\" data-settings=\"{&quot;jet_parallax_layout_list&quot;:[]}\">\n\t\t\t\t\t\t<div class=\"elementor-container elementor-column-gap-default\">\n\t\t\t\t\t<div class=\"raven-column-link elementor-column elementor-col-33 elementor-top-column elementor-element elementor-element-c5ac83f\" data-raven-link=\"#stage\" data-raven-link-target=\"_self\" data-id=\"c5ac83f\" data-element_type=\"column\" data-settings=\"{&quot;background_background&quot;:&quot;classic&quot;}\">\n\t\t\t<div class=\"elementor-widget-wrap elementor-element-populated\">\n\t\t\t\t\t\t<div class=\"elementor-element elementor-element-d921145 elementor-widget elementor-widget-image\" data-id=\"d921145\" data-element_type=\"widget\" data-widget_type=\"image.default\">\n\t\t\t\t<div class=\"elementor-widget-container\">\n\t\t\t\t\t\t\t\t\t\t\t\t\t\t\t<img decoding=\"async\" width=\"53\" height=\"100\" src=\"https:\/\/www.bruzelle.be\/wp-content\/uploads\/2023\/02\/Coeur-53x100-2.png\" class=\"elementor-animation-pulse attachment-large size-large wp-image-10429\" alt=\"\" \/>\t\t\t\t\t\t\t\t\t\t\t\t\t\t\t<\/div>\n\t\t\t\t<\/div>\n\t\t\t\t<div class=\"elementor-element elementor-element-757826d e-transform elementor-widget elementor-widget-icon-box\" data-id=\"757826d\" data-element_type=\"widget\" data-settings=\"{&quot;_transform_scale_effect_hover&quot;:{&quot;unit&quot;:&quot;px&quot;,&quot;size&quot;:0.9,&quot;sizes&quot;:[]},&quot;_transform_scale_effect_hover_tablet&quot;:{&quot;unit&quot;:&quot;px&quot;,&quot;size&quot;:&quot;&quot;,&quot;sizes&quot;:[]},&quot;_transform_scale_effect_hover_mobile&quot;:{&quot;unit&quot;:&quot;px&quot;,&quot;size&quot;:&quot;&quot;,&quot;sizes&quot;:[]}}\" data-widget_type=\"icon-box.default\">\n\t\t\t\t<div class=\"elementor-widget-container\">\n\t\t\t\t\t\t\t<div class=\"elementor-icon-box-wrapper\">\n\n\t\t\t\n\t\t\t\t\t\t<div class=\"elementor-icon-box-content\">\n\n\t\t\t\t\n\t\t\t\t\t\t\t\t\t<p class=\"elementor-icon-box-description\">\n\t\t\t\t\t\tje fais un stage \t\t\t\t\t<\/p>\n\t\t\t\t\n\t\t\t<\/div>\n\t\t\t\n\t\t<\/div>\n\t\t\t\t\t\t<\/div>\n\t\t\t\t<\/div>\n\t\t\t\t\t<\/div>\n\t\t<\/div>\n\t\t\t\t<div class=\"raven-column-link elementor-column elementor-col-33 elementor-top-column elementor-element elementor-element-d35f18f\" data-raven-link=\"#benevole\" data-raven-link-target=\"_self\" data-id=\"d35f18f\" data-element_type=\"column\" data-settings=\"{&quot;background_background&quot;:&quot;classic&quot;}\">\n\t\t\t<div class=\"elementor-widget-wrap elementor-element-populated\">\n\t\t\t\t\t\t<div class=\"elementor-element elementor-element-5f338ff elementor-widget elementor-widget-image\" data-id=\"5f338ff\" data-element_type=\"widget\" data-widget_type=\"image.default\">\n\t\t\t\t<div class=\"elementor-widget-container\">\n\t\t\t\t\t\t\t\t\t\t\t\t\t\t\t<img decoding=\"async\" width=\"108\" height=\"100\" src=\"https:\/\/www.bruzelle.be\/wp-content\/uploads\/2023\/02\/Fleurs-108x100-2.png\" class=\"elementor-animation-pulse attachment-large size-large wp-image-10036\" alt=\"\" \/>\t\t\t\t\t\t\t\t\t\t\t\t\t\t\t<\/div>\n\t\t\t\t<\/div>\n\t\t\t\t<div class=\"elementor-element elementor-element-0f5f350 e-transform elementor-widget elementor-widget-icon-box\" data-id=\"0f5f350\" data-element_type=\"widget\" data-settings=\"{&quot;_transform_scale_effect_hover&quot;:{&quot;unit&quot;:&quot;px&quot;,&quot;size&quot;:0.9,&quot;sizes&quot;:[]},&quot;_transform_scale_effect_hover_tablet&quot;:{&quot;unit&quot;:&quot;px&quot;,&quot;size&quot;:&quot;&quot;,&quot;sizes&quot;:[]},&quot;_transform_scale_effect_hover_mobile&quot;:{&quot;unit&quot;:&quot;px&quot;,&quot;size&quot;:&quot;&quot;,&quot;sizes&quot;:[]}}\" data-widget_type=\"icon-box.default\">\n\t\t\t\t<div class=\"elementor-widget-container\">\n\t\t\t\t\t\t\t<div class=\"elementor-icon-box-wrapper\">\n\n\t\t\t\n\t\t\t\t\t\t<div class=\"elementor-icon-box-content\">\n\n\t\t\t\t\n\t\t\t\t\t\t\t\t\t<p class=\"elementor-icon-box-description\">\n\t\t\t\t\t\tje deviens b\u00e9n\u00e9vole\t\t\t\t\t<\/p>\n\t\t\t\t\n\t\t\t<\/div>\n\t\t\t\n\t\t<\/div>\n\t\t\t\t\t\t<\/div>\n\t\t\t\t<\/div>\n\t\t\t\t\t<\/div>\n\t\t<\/div>\n\t\t\t\t<div class=\"raven-column-link elementor-column elementor-col-33 elementor-top-column elementor-element elementor-element-335242c\" data-raven-link=\"#collecte\" data-raven-link-target=\"_self\" data-id=\"335242c\" data-element_type=\"column\" data-settings=\"{&quot;background_background&quot;:&quot;classic&quot;}\">\n\t\t\t<div class=\"elementor-widget-wrap elementor-element-populated\">\n\t\t\t\t\t\t<div class=\"elementor-element elementor-element-ac31e72 elementor-widget elementor-widget-image\" data-id=\"ac31e72\" data-element_type=\"widget\" data-widget_type=\"image.default\">\n\t\t\t\t<div class=\"elementor-widget-container\">\n\t\t\t\t\t\t\t\t\t\t\t\t\t\t\t<img decoding=\"async\" width=\"122\" height=\"100\" src=\"https:\/\/www.bruzelle.be\/wp-content\/uploads\/2023\/02\/Boi\u0302te-de-collecte-122x100-2.png\" class=\"elementor-animation-pulse attachment-large size-large wp-image-10432\" alt=\"\" \/>\t\t\t\t\t\t\t\t\t\t\t\t\t\t\t<\/div>\n\t\t\t\t<\/div>\n\t\t\t\t<div class=\"elementor-element elementor-element-3a72d74 e-transform elementor-widget elementor-widget-icon-box\" data-id=\"3a72d74\" data-element_type=\"widget\" data-settings=\"{&quot;_transform_scale_effect_hover&quot;:{&quot;unit&quot;:&quot;px&quot;,&quot;size&quot;:0.9,&quot;sizes&quot;:[]},&quot;_transform_scale_effect_hover_tablet&quot;:{&quot;unit&quot;:&quot;px&quot;,&quot;size&quot;:&quot;&quot;,&quot;sizes&quot;:[]},&quot;_transform_scale_effect_hover_mobile&quot;:{&quot;unit&quot;:&quot;px&quot;,&quot;size&quot;:&quot;&quot;,&quot;sizes&quot;:[]}}\" data-widget_type=\"icon-box.default\">\n\t\t\t\t<div class=\"elementor-widget-container\">\n\t\t\t\t\t\t\t<div class=\"elementor-icon-box-wrapper\">\n\n\t\t\t\n\t\t\t\t\t\t<div class=\"elementor-icon-box-content\">\n\n\t\t\t\t\n\t\t\t\t\t\t\t\t\t<p class=\"elementor-icon-box-description\">\n\t\t\t\t\t\tj'organise une collecte\t\t\t\t\t<\/p>\n\t\t\t\t\n\t\t\t<\/div>\n\t\t\t\n\t\t<\/div>\n\t\t\t\t\t\t<\/div>\n\t\t\t\t<\/div>\n\t\t\t\t\t<\/div>\n\t\t<\/div>\n\t\t\t\t\t<\/div>\n\t\t<\/section>\n\t\t\t\t<section class=\"elementor-section elementor-top-section elementor-element elementor-element-9bd159c elementor-section-boxed elementor-section-height-default elementor-section-height-default\" data-id=\"9bd159c\" data-element_type=\"section\" data-settings=\"{&quot;jet_parallax_layout_list&quot;:[]}\">\n\t\t\t\t\t\t<div class=\"elementor-container elementor-column-gap-default\">\n\t\t\t\t\t<div class=\"elementor-column elementor-col-100 elementor-top-column elementor-element elementor-element-72755444\" data-id=\"72755444\" data-element_type=\"column\">\n\t\t\t<div class=\"elementor-widget-wrap elementor-element-populated\">\n\t\t\t\t\t\t<div class=\"elementor-element elementor-element-53d44f9 elementor-widget elementor-widget-heading\" data-id=\"53d44f9\" data-element_type=\"widget\" id=\"stage\" data-widget_type=\"heading.default\">\n\t\t\t\t<div class=\"elementor-widget-container\">\n\t\t\t\t\t<h2 class=\"elementor-heading-title elementor-size-default\">Faire un stage<\/h2>\t\t\t\t<\/div>\n\t\t\t\t<\/div>\n\t\t\t\t<div class=\"elementor-element elementor-element-d69ad9a elementor-widget elementor-widget-text-editor\" data-id=\"d69ad9a\" data-element_type=\"widget\" data-widget_type=\"text-editor.default\">\n\t\t\t\t<div class=\"elementor-widget-container\">\n\t\t\t\t\t\t\t\t\t<p style=\"text-align: justify;\">Tu souhaites effectuer un stage chez BruZelle\u00a0?<\/p><p style=\"text-align: justify;\"><span style=\"text-align: center;\">BruZelle est r\u00e9guli\u00e8rement \u00e0 la recherche de stagiaires dans des domaines aussi vari\u00e9s que la communication, la r\u00e9alisation d\u2019enqu\u00eates, l\u2019audio-visuel, le graphisme ou la traduction.\u00a0<\/span><\/p><p style=\"text-align: justify;\"><span style=\"text-align: center;\">Dans le cadre d&rsquo;un stage, tu peux observer mais aussi participer activement au travail quotidien ou aux ateliers et apporter tes id\u00e9es, tes r\u00e9flexions sur le th\u00e8me de la lutte contre la pr\u00e9carit\u00e9 menstruelle sous toutes ses formes, de la collecte et la distribution jusqu&rsquo;\u00e0 la sensibilisation et l&rsquo;\u00e9ducation.<\/span><\/p>\t\t\t\t\t\t\t\t<\/div>\n\t\t\t\t<\/div>\n\t\t\t\t\t<\/div>\n\t\t<\/div>\n\t\t\t\t\t<\/div>\n\t\t<\/section>\n\t\t\t\t<section class=\"elementor-section elementor-top-section elementor-element elementor-element-8d75b82 elementor-section-boxed elementor-section-height-default elementor-section-height-default\" data-id=\"8d75b82\" data-element_type=\"section\" data-settings=\"{&quot;jet_parallax_layout_list&quot;:[]}\">\n\t\t\t\t\t\t<div class=\"elementor-container elementor-column-gap-default\">\n\t\t\t\t\t<div class=\"elementor-column elementor-col-100 elementor-top-column elementor-element elementor-element-6190088\" data-id=\"6190088\" data-element_type=\"column\">\n\t\t\t<div class=\"elementor-widget-wrap elementor-element-populated\">\n\t\t\t\t\t\t<div class=\"elementor-element elementor-element-0b66ad2 elementor-widget elementor-widget-heading\" data-id=\"0b66ad2\" data-element_type=\"widget\" id=\"benevole\" data-widget_type=\"heading.default\">\n\t\t\t\t<div class=\"elementor-widget-container\">\n\t\t\t\t\t<h2 class=\"elementor-heading-title elementor-size-default\">devenir b\u00e9n\u00e9vole<\/h2>\t\t\t\t<\/div>\n\t\t\t\t<\/div>\n\t\t\t\t<div class=\"elementor-element elementor-element-43b50cf elementor-widget elementor-widget-text-editor\" data-id=\"43b50cf\" data-element_type=\"widget\" data-widget_type=\"text-editor.default\">\n\t\t\t\t<div class=\"elementor-widget-container\">\n\t\t\t\t\t\t\t\t\t<p style=\"text-align: justify;\">Tu souhaites participer activement \u00e0 la lutte contre la pr\u00e9carit\u00e9 menstruelle en offrant un peu de ton temps libre\u00a0?<\/p><p style=\"text-align: justify;\">Tu peux devenir b\u00e9n\u00e9vole chez BruZelle de fa\u00e7on ponctuelle ou sur le long terme. Le don de temps est le don le plus pr\u00e9cieux. BruZelle a r\u00e9guli\u00e8rement besoin de b\u00e9n\u00e9voles afin de compl\u00e9ter l\u2019\u00e9quipe et d\u2019aider \u00e0 accomplir diff\u00e9rentes missions, toutes indispensables au bon fonctionnement de l\u2019association.<\/p><p style=\"text-align: justify;\">Tu peux aussi cr\u00e9er ta propre antenne \u00e9tudiante au sein de ton universit\u00e9 ou haute-\u00e9cole avec le support de nos coordinateur\u00b7trices ou rejoindre l&rsquo;antenne BruZelle de ta r\u00e9gion afin de participer au travail sur le terrain (collecte, distribution, sensibilisation).<\/p><p style=\"text-align: justify;\">Que ce soit pour quelques heures ou quelques jours par mois, toute aide est pr\u00e9cieuse !<\/p>\t\t\t\t\t\t\t\t<\/div>\n\t\t\t\t<\/div>\n\t\t\t\t\t<\/div>\n\t\t<\/div>\n\t\t\t\t\t<\/div>\n\t\t<\/section>\n\t\t\t\t<section class=\"elementor-section elementor-top-section elementor-element elementor-element-3e95791 elementor-section-boxed elementor-section-height-default elementor-section-height-default\" data-id=\"3e95791\" data-element_type=\"section\" data-settings=\"{&quot;jet_parallax_layout_list&quot;:[]}\">\n\t\t\t\t\t\t<div class=\"elementor-container elementor-column-gap-default\">\n\t\t\t\t\t<div class=\"elementor-column elementor-col-100 elementor-top-column elementor-element elementor-element-4ba1087\" data-id=\"4ba1087\" data-element_type=\"column\">\n\t\t\t<div class=\"elementor-widget-wrap elementor-element-populated\">\n\t\t\t\t\t\t<div class=\"elementor-element elementor-element-1a8474d elementor-widget elementor-widget-heading\" data-id=\"1a8474d\" data-element_type=\"widget\" id=\"collecte\" data-widget_type=\"heading.default\">\n\t\t\t\t<div class=\"elementor-widget-container\">\n\t\t\t\t\t<h2 class=\"elementor-heading-title elementor-size-default\">organiser une collecte<\/h2>\t\t\t\t<\/div>\n\t\t\t\t<\/div>\n\t\t\t\t<div class=\"elementor-element elementor-element-15cacc8 elementor-widget elementor-widget-text-editor\" data-id=\"15cacc8\" data-element_type=\"widget\" data-widget_type=\"text-editor.default\">\n\t\t\t\t<div class=\"elementor-widget-container\">\n\t\t\t\t\t\t\t\t\t<p style=\"text-align: justify;\">Tu souhaites organiser une collecte de produits menstruels ?<\/p><p style=\"text-align: justify;\">La collecte de produits menstruels est un excellent moyen d&rsquo;initier la sensibilisation et la r\u00e9flexion autour des r\u00e8gles, de la pr\u00e9carit\u00e9 menstruelle en g\u00e9n\u00e9ral et de la pr\u00e9carit\u00e9 menstrelle estudiantine en particulier.\u00a0<\/p><p style=\"text-align: justify;\">Tu peux installer une bo\u00eete de collecte, de fa\u00e7on ponctuelle ou permanente, dans un lieu facile d&rsquo;acc\u00e8s dans ton \u00e9cole, haute-\u00e9cole, universit\u00e9, cercle d&rsquo;\u00e9tudiants, kot \u00e0 projet, etc. et inviter les \u00e9tudiant\u00b7es, les professeur\u00b7es ou le personnel administratif \u00e0 y d\u00e9poser des produits menstruels.<\/p><p style=\"text-align: justify;\">L&rsquo;\u00e9quipe de BruZelle te conseillera afin de faire de ton projet une r\u00e9ussite et t&rsquo;aidera \u00e0 organiser la communication autour de ton action.\u00a0<\/p><p style=\"text-align: justify;\">Les r\u00e9sultats de ta collecte seront communiqu\u00e9s sur les r\u00e9seaux sociaux afin de visibiliser ton implication et te remercier pour ton action.<\/p>\t\t\t\t\t\t\t\t<\/div>\n\t\t\t\t<\/div>\n\t\t\t\t\t<\/div>\n\t\t<\/div>\n\t\t\t\t\t<\/div>\n\t\t<\/section>\n\t\t\t\t<\/div>\n\t\t","protected":false},"excerpt":{"rendered":"<p>je suis \u00e9tudiant\u00b7e En tant qu&rsquo;\u00e9tudiant\u00b7e, il existe diff\u00e9rents moyens d&rsquo;apporter ton aide \u00e0 BruZelle, que ce soit \u00e0 titre individuel ou dans le cadre de ton \u00e9cole, haute-\u00e9cole, universit\u00e9, cercle ou kot \u00e0 projet.\u00a0 Tu peux participer aux actions de terrain ou enrichir nos approches par tes id\u00e9es, tes r\u00e9flexions, tes exp\u00e9riences et tes [&hellip;]<\/p>\n","protected":false},"author":1,"featured_media":0,"parent":8726,"menu_order":0,"comment_status":"closed","ping_status":"closed","template":"","meta":{"_acf_changed":false,"_exactmetrics_skip_tracking":false,"_exactmetrics_sitenote_active":false,"_exactmetrics_sitenote_note":"","_exactmetrics_sitenote_category":0,"footnotes":""},"class_list":["post-8987","page","type-page","status-publish","hentry"],"acf":[],"_links":{"self":[{"href":"https:\/\/www.bruzelle.be\/fr\/wp-json\/wp\/v2\/pages\/8987","targetHints":{"allow":["GET"]}}],"collection":[{"href":"https:\/\/www.bruzelle.be\/fr\/wp-json\/wp\/v2\/pages"}],"about":[{"href":"https:\/\/www.bruzelle.be\/fr\/wp-json\/wp\/v2\/types\/page"}],"author":[{"embeddable":true,"href":"https:\/\/www.bruzelle.be\/fr\/wp-json\/wp\/v2\/users\/1"}],"replies":[{"embeddable":true,"href":"https:\/\/www.bruzelle.be\/fr\/wp-json\/wp\/v2\/comments?post=8987"}],"version-history":[{"count":0,"href":"https:\/\/www.bruzelle.be\/fr\/wp-json\/wp\/v2\/pages\/8987\/revisions"}],"up":[{"embeddable":true,"href":"https:\/\/www.bruzelle.be\/fr\/wp-json\/wp\/v2\/pages\/8726"}],"wp:attachment":[{"href":"https:\/\/www.bruzelle.be\/fr\/wp-json\/wp\/v2\/media?parent=8987"}],"curies":[{"name":"wp","href":"https:\/\/api.w.org\/{rel}","templated":true}]}}