{"id":8993,"date":"2023-01-17T17:41:50","date_gmt":"2023-01-17T16:41:50","guid":{"rendered":"https:\/\/www.bruzelle.be\/?page_id=8993"},"modified":"2023-03-17T16:45:53","modified_gmt":"2023-03-17T15:45:53","slug":"collecte-et-distribution","status":"publish","type":"page","link":"https:\/\/www.bruzelle.be\/fr\/notre-action\/collecte-et-distribution\/","title":{"rendered":"Collecte et distribution"},"content":{"rendered":"\t\t<div data-elementor-type=\"wp-page\" data-elementor-id=\"8993\" class=\"elementor elementor-8993\">\n\t\t\t\t\t\t<section class=\"elementor-section elementor-top-section elementor-element elementor-element-300673a7 elementor-section-full_width elementor-section-height-min-height elementor-section-stretched elementor-section-height-default elementor-section-items-middle\" data-id=\"300673a7\" data-element_type=\"section\" data-settings=\"{&quot;stretch_section&quot;:&quot;section-stretched&quot;,&quot;jet_parallax_layout_list&quot;:[],&quot;background_background&quot;:&quot;classic&quot;}\">\n\t\t\t\t\t\t<div class=\"elementor-container elementor-column-gap-default\">\n\t\t\t\t\t<div class=\"elementor-column elementor-col-100 elementor-top-column elementor-element elementor-element-2bb724d4\" data-id=\"2bb724d4\" data-element_type=\"column\">\n\t\t\t<div class=\"elementor-widget-wrap\">\n\t\t\t\t\t\t\t<\/div>\n\t\t<\/div>\n\t\t\t\t\t<\/div>\n\t\t<\/section>\n\t\t\t\t<section class=\"elementor-section elementor-top-section elementor-element elementor-element-242bf271 elementor-section-boxed elementor-section-height-default elementor-section-height-default\" data-id=\"242bf271\" data-element_type=\"section\" data-settings=\"{&quot;jet_parallax_layout_list&quot;:[]}\">\n\t\t\t\t\t\t<div class=\"elementor-container elementor-column-gap-default\">\n\t\t\t\t\t<div class=\"elementor-column elementor-col-100 elementor-top-column elementor-element elementor-element-79bbae28\" data-id=\"79bbae28\" data-element_type=\"column\">\n\t\t\t<div class=\"elementor-widget-wrap elementor-element-populated\">\n\t\t\t\t\t\t<div class=\"elementor-element elementor-element-1b373b1 elementor-widget elementor-widget-heading\" data-id=\"1b373b1\" data-element_type=\"widget\" data-widget_type=\"heading.default\">\n\t\t\t\t<div class=\"elementor-widget-container\">\n\t\t\t\t\t<h2 class=\"elementor-heading-title elementor-size-default\">Collecte et distribution<\/h2>\t\t\t\t<\/div>\n\t\t\t\t<\/div>\n\t\t\t\t<div class=\"elementor-element elementor-element-ce015db elementor-widget elementor-widget-text-editor\" data-id=\"ce015db\" data-element_type=\"widget\" data-widget_type=\"text-editor.default\">\n\t\t\t\t<div class=\"elementor-widget-container\">\n\t\t\t\t\t\t\t\t\t<p>La lutte contre la pr\u00e9carit\u00e9 menstruelle passe avant tout par la mise \u00e0 disposition gratuite de produits menstruels pour les personnes menstru\u00e9es vivant en situation de pr\u00e9carit\u00e9. Cette mission s\u2019effectue tout d\u2019abord par la collecte de produits menstruels au moyen de bo\u00eetes de collecte et, ensuite, par la distribution gratuite des produits collect\u00e9s par l\u2019interm\u00e9diaire de nos partenaires de terrain. Les produits menstruels sont distribu\u00e9s dans des trousses en tissus confectionn\u00e9es par des b\u00e9n\u00e9voles.<\/p>\t\t\t\t\t\t\t\t<\/div>\n\t\t\t\t<\/div>\n\t\t\t\t\t<\/div>\n\t\t<\/div>\n\t\t\t\t\t<\/div>\n\t\t<\/section>\n\t\t\t\t<section class=\"elementor-section elementor-top-section elementor-element elementor-element-54a7aac elementor-section-boxed elementor-section-height-default elementor-section-height-default\" data-id=\"54a7aac\" data-element_type=\"section\" data-settings=\"{&quot;jet_parallax_layout_list&quot;:[]}\">\n\t\t\t\t\t\t<div class=\"elementor-container elementor-column-gap-default\">\n\t\t\t\t\t<div class=\"raven-column-link elementor-column elementor-col-33 elementor-top-column elementor-element elementor-element-f701fee\" data-raven-link=\"https:\/\/www.bruzelle.be\/fr\/notre-action\/\" data-raven-link-target=\"_self\" data-id=\"f701fee\" data-element_type=\"column\" data-settings=\"{&quot;background_background&quot;:&quot;classic&quot;}\">\n\t\t\t<div class=\"elementor-widget-wrap elementor-element-populated\">\n\t\t\t\t\t\t<div class=\"elementor-element elementor-element-79a84eb elementor-widget elementor-widget-image\" data-id=\"79a84eb\" data-element_type=\"widget\" data-widget_type=\"image.default\">\n\t\t\t\t<div class=\"elementor-widget-container\">\n\t\t\t\t\t\t\t\t\t\t\t\t\t\t\t\t<a href=\"#\">\n\t\t\t\t\t\t\t<img decoding=\"async\" width=\"136\" height=\"100\" src=\"https:\/\/www.bruzelle.be\/wp-content\/uploads\/2023\/02\/Tampon-Back-136x100-1.png\" class=\"elementor-animation-pulse attachment-large size-large wp-image-9943\" alt=\"\" \/>\t\t\t\t\t\t\t\t<\/a>\n\t\t\t\t\t\t\t\t\t\t\t\t\t\t\t<\/div>\n\t\t\t\t<\/div>\n\t\t\t\t<div class=\"elementor-element elementor-element-399cc93 e-transform elementor-widget elementor-widget-icon-box\" data-id=\"399cc93\" data-element_type=\"widget\" data-settings=\"{&quot;_transform_scale_effect_hover&quot;:{&quot;unit&quot;:&quot;px&quot;,&quot;size&quot;:0.9,&quot;sizes&quot;:[]},&quot;_transform_scale_effect_hover_tablet&quot;:{&quot;unit&quot;:&quot;px&quot;,&quot;size&quot;:&quot;&quot;,&quot;sizes&quot;:[]},&quot;_transform_scale_effect_hover_mobile&quot;:{&quot;unit&quot;:&quot;px&quot;,&quot;size&quot;:&quot;&quot;,&quot;sizes&quot;:[]}}\" data-widget_type=\"icon-box.default\">\n\t\t\t\t<div class=\"elementor-widget-container\">\n\t\t\t\t\t\t\t<div class=\"elementor-icon-box-wrapper\">\n\n\t\t\t\n\t\t\t\t\t\t<div class=\"elementor-icon-box-content\">\n\n\t\t\t\t\n\t\t\t\t\t\t\t\t\t<p class=\"elementor-icon-box-description\">\n\t\t\t\t\t\t&larr; notre action\t\t\t\t\t<\/p>\n\t\t\t\t\n\t\t\t<\/div>\n\t\t\t\n\t\t<\/div>\n\t\t\t\t\t\t<\/div>\n\t\t\t\t<\/div>\n\t\t\t\t\t<\/div>\n\t\t<\/div>\n\t\t\t\t<div class=\"raven-column-link elementor-column elementor-col-33 elementor-top-column elementor-element elementor-element-562cbcb\" data-raven-link=\"https:\/\/www.bruzelle.be\/fr\/notre-action\/sensibilisation\/\" data-raven-link-target=\"_self\" data-id=\"562cbcb\" data-element_type=\"column\" data-settings=\"{&quot;background_background&quot;:&quot;classic&quot;}\">\n\t\t\t<div class=\"elementor-widget-wrap elementor-element-populated\">\n\t\t\t\t\t\t<div class=\"elementor-element elementor-element-ea8bca4 elementor-widget elementor-widget-image\" data-id=\"ea8bca4\" data-element_type=\"widget\" data-widget_type=\"image.default\">\n\t\t\t\t<div class=\"elementor-widget-container\">\n\t\t\t\t\t\t\t\t\t\t\t\t\t\t\t<img decoding=\"async\" width=\"84\" height=\"100\" src=\"https:\/\/www.bruzelle.be\/wp-content\/uploads\/2022\/12\/Conscientisation-84x100-1.png\" class=\"elementor-animation-pulse attachment-large size-large wp-image-8808\" alt=\"\" srcset=\"https:\/\/www.bruzelle.be\/wp-content\/uploads\/2022\/12\/Conscientisation-84x100-1.png 84w, https:\/\/www.bruzelle.be\/wp-content\/uploads\/2022\/12\/elementor\/thumbs\/Conscientisation-84x100-1-pzjlojqcop6bnwa9i7yx2txr86s54m36fyve2ummb8.png 42w\" sizes=\"(max-width: 84px) 100vw, 84px\" \/>\t\t\t\t\t\t\t\t\t\t\t\t\t\t\t<\/div>\n\t\t\t\t<\/div>\n\t\t\t\t<div class=\"elementor-element elementor-element-c3bf66f e-transform elementor-widget elementor-widget-icon-box\" data-id=\"c3bf66f\" data-element_type=\"widget\" data-settings=\"{&quot;_transform_scale_effect_hover&quot;:{&quot;unit&quot;:&quot;px&quot;,&quot;size&quot;:0.9,&quot;sizes&quot;:[]},&quot;_transform_scale_effect_hover_tablet&quot;:{&quot;unit&quot;:&quot;px&quot;,&quot;size&quot;:&quot;&quot;,&quot;sizes&quot;:[]},&quot;_transform_scale_effect_hover_mobile&quot;:{&quot;unit&quot;:&quot;px&quot;,&quot;size&quot;:&quot;&quot;,&quot;sizes&quot;:[]}}\" data-widget_type=\"icon-box.default\">\n\t\t\t\t<div class=\"elementor-widget-container\">\n\t\t\t\t\t\t\t<div class=\"elementor-icon-box-wrapper\">\n\n\t\t\t\n\t\t\t\t\t\t<div class=\"elementor-icon-box-content\">\n\n\t\t\t\t\n\t\t\t\t\t\t\t\t\t<p class=\"elementor-icon-box-description\">\n\t\t\t\t\t\tsensibilisation et \u00e9ducation\t\t\t\t\t<\/p>\n\t\t\t\t\n\t\t\t<\/div>\n\t\t\t\n\t\t<\/div>\n\t\t\t\t\t\t<\/div>\n\t\t\t\t<\/div>\n\t\t\t\t\t<\/div>\n\t\t<\/div>\n\t\t\t\t<div class=\"raven-column-link elementor-column elementor-col-33 elementor-top-column elementor-element elementor-element-e27d8b1\" data-raven-link=\"https:\/\/www.bruzelle.be\/fr\/notre-action\/conseil-et-expertise\/\" data-raven-link-target=\"_self\" data-id=\"e27d8b1\" data-element_type=\"column\" data-settings=\"{&quot;background_background&quot;:&quot;classic&quot;}\">\n\t\t\t<div class=\"elementor-widget-wrap elementor-element-populated\">\n\t\t\t\t\t\t<div class=\"elementor-element elementor-element-ed9fb01 elementor-widget elementor-widget-image\" data-id=\"ed9fb01\" data-element_type=\"widget\" data-widget_type=\"image.default\">\n\t\t\t\t<div class=\"elementor-widget-container\">\n\t\t\t\t\t\t\t\t\t\t\t\t\t\t\t<img decoding=\"async\" width=\"131\" height=\"100\" src=\"https:\/\/www.bruzelle.be\/wp-content\/uploads\/2023\/02\/Expertise-131x100-2.png\" class=\"elementor-animation-pulse attachment-large size-large wp-image-9910\" alt=\"\" \/>\t\t\t\t\t\t\t\t\t\t\t\t\t\t\t<\/div>\n\t\t\t\t<\/div>\n\t\t\t\t<div class=\"elementor-element elementor-element-71da9d3 e-transform elementor-widget elementor-widget-icon-box\" data-id=\"71da9d3\" data-element_type=\"widget\" data-settings=\"{&quot;_transform_scale_effect_hover&quot;:{&quot;unit&quot;:&quot;px&quot;,&quot;size&quot;:0.9,&quot;sizes&quot;:[]},&quot;_transform_scale_effect_hover_tablet&quot;:{&quot;unit&quot;:&quot;px&quot;,&quot;size&quot;:&quot;&quot;,&quot;sizes&quot;:[]},&quot;_transform_scale_effect_hover_mobile&quot;:{&quot;unit&quot;:&quot;px&quot;,&quot;size&quot;:&quot;&quot;,&quot;sizes&quot;:[]}}\" data-widget_type=\"icon-box.default\">\n\t\t\t\t<div class=\"elementor-widget-container\">\n\t\t\t\t\t\t\t<div class=\"elementor-icon-box-wrapper\">\n\n\t\t\t\n\t\t\t\t\t\t<div class=\"elementor-icon-box-content\">\n\n\t\t\t\t\n\t\t\t\t\t\t\t\t\t<p class=\"elementor-icon-box-description\">\n\t\t\t\t\t\tconseil et expertise\t\t\t\t\t<\/p>\n\t\t\t\t\n\t\t\t<\/div>\n\t\t\t\n\t\t<\/div>\n\t\t\t\t\t\t<\/div>\n\t\t\t\t<\/div>\n\t\t\t\t\t<\/div>\n\t\t<\/div>\n\t\t\t\t\t<\/div>\n\t\t<\/section>\n\t\t\t\t<section class=\"elementor-section elementor-top-section elementor-element elementor-element-73acc18 elementor-section-boxed elementor-section-height-default elementor-section-height-default\" data-id=\"73acc18\" data-element_type=\"section\" data-settings=\"{&quot;jet_parallax_layout_list&quot;:[]}\">\n\t\t\t\t\t\t<div class=\"elementor-container elementor-column-gap-default\">\n\t\t\t\t\t<div class=\"elementor-column elementor-col-100 elementor-top-column elementor-element elementor-element-35f8dba\" data-id=\"35f8dba\" data-element_type=\"column\">\n\t\t\t<div class=\"elementor-widget-wrap elementor-element-populated\">\n\t\t\t\t\t\t<div class=\"elementor-element elementor-element-0888b58 elementor-widget elementor-widget-heading\" data-id=\"0888b58\" data-element_type=\"widget\" data-widget_type=\"heading.default\">\n\t\t\t\t<div class=\"elementor-widget-container\">\n\t\t\t\t\t<h2 class=\"elementor-heading-title elementor-size-default\">le cycle de BruZelle<\/h2>\t\t\t\t<\/div>\n\t\t\t\t<\/div>\n\t\t\t\t\t<\/div>\n\t\t<\/div>\n\t\t\t\t\t<\/div>\n\t\t<\/section>\n\t\t\t\t<section class=\"elementor-section elementor-top-section elementor-element elementor-element-2c714aef elementor-section-boxed elementor-section-height-default elementor-section-height-default\" data-id=\"2c714aef\" data-element_type=\"section\" data-settings=\"{&quot;jet_parallax_layout_list&quot;:[]}\">\n\t\t\t\t\t\t<div class=\"elementor-container elementor-column-gap-default\">\n\t\t\t\t\t<div class=\"elementor-column elementor-col-100 elementor-top-column elementor-element elementor-element-52d2f2c1\" data-id=\"52d2f2c1\" data-element_type=\"column\">\n\t\t\t<div class=\"elementor-widget-wrap elementor-element-populated\">\n\t\t\t\t\t\t<div class=\"elementor-element elementor-element-1205346 elementor-widget elementor-widget-text-editor\" data-id=\"1205346\" data-element_type=\"widget\" data-widget_type=\"text-editor.default\">\n\t\t\t\t<div class=\"elementor-widget-container\">\n\t\t\t\t\t\t\t\t\t<p>Quatre \u00e9tapes sont n\u00e9cessaires entre la collecte et la distribution. Elles constituent le \u00ab\u00a0cycle de BruZelle\u00a0\u00bb.<\/p>\t\t\t\t\t\t\t\t<\/div>\n\t\t\t\t<\/div>\n\t\t\t\t<div class=\"elementor-element elementor-element-0e51ee9 elementor-widget elementor-widget-image\" data-id=\"0e51ee9\" data-element_type=\"widget\" data-widget_type=\"image.default\">\n\t\t\t\t<div class=\"elementor-widget-container\">\n\t\t\t\t\t\t\t\t\t\t\t\t\t\t\t<img decoding=\"async\" src=\"https:\/\/www.bruzelle.be\/wp-content\/uploads\/elementor\/thumbs\/Le-Cycle-de-BruZelle-ohmauf3bswtxd0jk3cg19sspy5ui4nptiqv5j4uidk.png\" title=\"Le Cycle de BruZelle\" alt=\"Le Cycle de BruZelle\" loading=\"lazy\" \/>\t\t\t\t\t\t\t\t\t\t\t\t\t\t\t<\/div>\n\t\t\t\t<\/div>\n\t\t\t\t\t<\/div>\n\t\t<\/div>\n\t\t\t\t\t<\/div>\n\t\t<\/section>\n\t\t\t\t<section class=\"elementor-section elementor-top-section elementor-element elementor-element-5069aed elementor-section-boxed elementor-section-height-default elementor-section-height-default\" data-id=\"5069aed\" data-element_type=\"section\" data-settings=\"{&quot;jet_parallax_layout_list&quot;:[]}\">\n\t\t\t\t\t\t<div class=\"elementor-container elementor-column-gap-default\">\n\t\t\t\t\t<div class=\"elementor-column elementor-col-100 elementor-top-column elementor-element elementor-element-641f391\" data-id=\"641f391\" data-element_type=\"column\">\n\t\t\t<div class=\"elementor-widget-wrap elementor-element-populated\">\n\t\t\t\t\t\t<div class=\"elementor-element elementor-element-d430ae6 elementor-widget elementor-widget-heading\" data-id=\"d430ae6\" data-element_type=\"widget\" data-widget_type=\"heading.default\">\n\t\t\t\t<div class=\"elementor-widget-container\">\n\t\t\t\t\t<h2 class=\"elementor-heading-title elementor-size-default\">tout commence par la collecte\u2026<\/h2>\t\t\t\t<\/div>\n\t\t\t\t<\/div>\n\t\t\t\t<div class=\"elementor-element elementor-element-85bb770 elementor-widget elementor-widget-text-editor\" data-id=\"85bb770\" data-element_type=\"widget\" data-widget_type=\"text-editor.default\">\n\t\t\t\t<div class=\"elementor-widget-container\">\n\t\t\t\t\t\t\t\t\t<p>Le cycle de BruZelle commence par la mise en place de bo\u00eetes de collecte. Ces bo\u00eetes sont r\u00e9parties en Belgique chez un ensemble de partenaires publics et priv\u00e9s. Chaque bo\u00eete de collecte permet de d\u00e9poser des\u200b produits menstruels emball\u00e9s individuellement, du tissu qui servira \u00e0 la confection des trousses ainsi que des trousses d\u00e9j\u00e0 confectionn\u00e9es.<\/p><p>Tout le monde peut installer une bo\u00eete de collecte, fixe ou temporaire, par exemple, sur son lieu de travail, dans son association, son club sportif ou lors d\u2019\u00e9v\u00e9nements afin de r\u00e9colter le mat\u00e9riel n\u00e9cessaire \u00e0 la distribution.<\/p><p>Trouver un <a href=\"https:\/\/www.bruzelle.be\/fr\/points-de-collecte\/\">point de collecte<\/a> ou installer une boite de collecte.<\/p>\t\t\t\t\t\t\t\t<\/div>\n\t\t\t\t<\/div>\n\t\t\t\t\t<\/div>\n\t\t<\/div>\n\t\t\t\t\t<\/div>\n\t\t<\/section>\n\t\t\t\t<section class=\"elementor-section elementor-top-section elementor-element elementor-element-09673a3 elementor-section-boxed elementor-section-height-default elementor-section-height-default\" data-id=\"09673a3\" data-element_type=\"section\" data-settings=\"{&quot;jet_parallax_layout_list&quot;:[]}\">\n\t\t\t\t\t\t<div class=\"elementor-container elementor-column-gap-default\">\n\t\t\t\t\t<div class=\"elementor-column elementor-col-100 elementor-top-column elementor-element elementor-element-2754438\" data-id=\"2754438\" data-element_type=\"column\">\n\t\t\t<div class=\"elementor-widget-wrap elementor-element-populated\">\n\t\t\t\t\t\t<div class=\"elementor-element elementor-element-127ac01 elementor-widget elementor-widget-heading\" data-id=\"127ac01\" data-element_type=\"widget\" data-widget_type=\"heading.default\">\n\t\t\t\t<div class=\"elementor-widget-container\">\n\t\t\t\t\t<h2 class=\"elementor-heading-title elementor-size-default\">vient ensuite la confection des trousses\u2026<\/h2>\t\t\t\t<\/div>\n\t\t\t\t<\/div>\n\t\t\t\t<div class=\"elementor-element elementor-element-e3da915 elementor-widget elementor-widget-text-editor\" data-id=\"e3da915\" data-element_type=\"widget\" data-widget_type=\"text-editor.default\">\n\t\t\t\t<div class=\"elementor-widget-container\">\n\t\t\t\t\t\t\t\t\t<p>Les produits menstruels sont toujours distribu\u00e9s dans des trousses en tissu.<\/p>\n<p>Le tissu utilis\u00e9 pour la cr\u00e9ation des trousses est collect\u00e9 puis transform\u00e9 par des b\u00e9n\u00e9voles, individuellement, lors d\u2019ateliers organis\u00e9s par BruZelle ou en collaboration avec des partenaires d\u2019insertion socio-professionnelle, des centres associatifs et des clubs de couture.<\/p>\n<p>Une fois confectionn\u00e9e, chaque trousse sera garnie de 20 serviettes menstruelles et d\u2019un feuillet informatif.<\/p>\n<p>Voir <a href=\"https:\/\/www.bruzelle.be\/fr\/agenda\/\">l&rsquo;agenda<\/a> des ateliers et comment <a href=\"https:\/\/www.bruzelle.be\/fr\/les-ateliers\/confection-de-trousses\/\">confectionner une trousse<\/a>.<\/p>\t\t\t\t\t\t\t\t<\/div>\n\t\t\t\t<\/div>\n\t\t\t\t\t<\/div>\n\t\t<\/div>\n\t\t\t\t\t<\/div>\n\t\t<\/section>\n\t\t\t\t<section class=\"elementor-section elementor-top-section elementor-element elementor-element-22c1122 elementor-section-boxed elementor-section-height-default elementor-section-height-default\" data-id=\"22c1122\" data-element_type=\"section\" data-settings=\"{&quot;jet_parallax_layout_list&quot;:[]}\">\n\t\t\t\t\t\t<div class=\"elementor-container elementor-column-gap-default\">\n\t\t\t\t\t<div class=\"elementor-column elementor-col-100 elementor-top-column elementor-element elementor-element-313442b\" data-id=\"313442b\" data-element_type=\"column\">\n\t\t\t<div class=\"elementor-widget-wrap elementor-element-populated\">\n\t\t\t\t\t\t<div class=\"elementor-element elementor-element-e9740e4 elementor-widget elementor-widget-heading\" data-id=\"e9740e4\" data-element_type=\"widget\" data-widget_type=\"heading.default\">\n\t\t\t\t<div class=\"elementor-widget-container\">\n\t\t\t\t\t<h2 class=\"elementor-heading-title elementor-size-default\">on poursuit par les ateliers de remplissage des trousses\u2026<\/h2>\t\t\t\t<\/div>\n\t\t\t\t<\/div>\n\t\t\t\t<div class=\"elementor-element elementor-element-9220136 elementor-widget elementor-widget-text-editor\" data-id=\"9220136\" data-element_type=\"widget\" data-widget_type=\"text-editor.default\">\n\t\t\t\t<div class=\"elementor-widget-container\">\n\t\t\t\t\t\t\t\t\t<p>Les ateliers de remplissage de trousses rassemblent des personnes d\u00e9sireuses d\u2019aider l\u2019association en offrant un peu de leur temps libre afin de pr\u00e9parer les trousses en les remplissant de produits menstruels. Ces ateliers sont \u00e9galement l\u2019occasion d\u2019un \u00e9change d\u2019id\u00e9es, d\u2019informations et de suggestions entre l\u2019\u00e9quipe de BruZelle et les participant\u00b7e\u00b7s.<\/p><p>Voir <a href=\"https:\/\/www.bruzelle.be\/fr\/05-agenda\/\">l&rsquo;agenda<\/a> des ateliers.<\/p>\t\t\t\t\t\t\t\t<\/div>\n\t\t\t\t<\/div>\n\t\t\t\t\t<\/div>\n\t\t<\/div>\n\t\t\t\t\t<\/div>\n\t\t<\/section>\n\t\t\t\t<section class=\"elementor-section elementor-top-section elementor-element elementor-element-8c05e69 elementor-section-boxed elementor-section-height-default elementor-section-height-default\" data-id=\"8c05e69\" data-element_type=\"section\" data-settings=\"{&quot;jet_parallax_layout_list&quot;:[]}\">\n\t\t\t\t\t\t<div class=\"elementor-container elementor-column-gap-default\">\n\t\t\t\t\t<div class=\"elementor-column elementor-col-100 elementor-top-column elementor-element elementor-element-8c74831\" data-id=\"8c74831\" data-element_type=\"column\">\n\t\t\t<div class=\"elementor-widget-wrap elementor-element-populated\">\n\t\t\t\t\t\t<div class=\"elementor-element elementor-element-13e18ef elementor-widget elementor-widget-heading\" data-id=\"13e18ef\" data-element_type=\"widget\" data-widget_type=\"heading.default\">\n\t\t\t\t<div class=\"elementor-widget-container\">\n\t\t\t\t\t<h2 class=\"elementor-heading-title elementor-size-default\">et enfin les trousses sont distribu\u00e9es !<\/h2>\t\t\t\t<\/div>\n\t\t\t\t<\/div>\n\t\t\t\t<div class=\"elementor-element elementor-element-367f875 elementor-widget elementor-widget-text-editor\" data-id=\"367f875\" data-element_type=\"widget\" data-widget_type=\"text-editor.default\">\n\t\t\t\t<div class=\"elementor-widget-container\">\n\t\t\t\t\t\t\t\t\t<p>BruZelle distribue aux personnes menstru\u00e9es en situation de pr\u00e9carit\u00e9, peu importe leur condition, leur nationalit\u00e9, leur orientation sexuelle ou religieuse.<\/p><p>BruZelle collabore avec de nombreux partenaires de terrain tels que des \u00e9tablissements scolaires et parascolaires, hautes-\u00e9coles et universit\u00e9s, des centres d\u2019aide sociale, des centres de jour et de nuit, des refuges, des banques alimentaires, des maisons maternelles, des \u00e9piceries sociales, des prisons ainsi qu\u2019avec des ONG qui organisent des maraudes et travaillent \u00e0 l\u2019accueil des r\u00e9fugi\u00e9\u00b7e\u00b7s et dans les squats.<\/p>\t\t\t\t\t\t\t\t<\/div>\n\t\t\t\t<\/div>\n\t\t\t\t\t<\/div>\n\t\t<\/div>\n\t\t\t\t\t<\/div>\n\t\t<\/section>\n\t\t\t\t<\/div>\n\t\t","protected":false},"excerpt":{"rendered":"<p>Collecte et distribution La lutte contre la pr\u00e9carit\u00e9 menstruelle passe avant tout par la mise \u00e0 disposition gratuite de produits menstruels pour les personnes menstru\u00e9es vivant en situation de pr\u00e9carit\u00e9. Cette mission s\u2019effectue tout d\u2019abord par la collecte de produits menstruels au moyen de bo\u00eetes de collecte et, ensuite, par la distribution gratuite des produits [&hellip;]<\/p>\n","protected":false},"author":1,"featured_media":0,"parent":8012,"menu_order":0,"comment_status":"closed","ping_status":"closed","template":"","meta":{"_acf_changed":false,"_exactmetrics_skip_tracking":false,"_exactmetrics_sitenote_active":false,"_exactmetrics_sitenote_note":"","_exactmetrics_sitenote_category":0,"footnotes":""},"class_list":["post-8993","page","type-page","status-publish","hentry"],"acf":[],"_links":{"self":[{"href":"https:\/\/www.bruzelle.be\/fr\/wp-json\/wp\/v2\/pages\/8993","targetHints":{"allow":["GET"]}}],"collection":[{"href":"https:\/\/www.bruzelle.be\/fr\/wp-json\/wp\/v2\/pages"}],"about":[{"href":"https:\/\/www.bruzelle.be\/fr\/wp-json\/wp\/v2\/types\/page"}],"author":[{"embeddable":true,"href":"https:\/\/www.bruzelle.be\/fr\/wp-json\/wp\/v2\/users\/1"}],"replies":[{"embeddable":true,"href":"https:\/\/www.bruzelle.be\/fr\/wp-json\/wp\/v2\/comments?post=8993"}],"version-history":[{"count":0,"href":"https:\/\/www.bruzelle.be\/fr\/wp-json\/wp\/v2\/pages\/8993\/revisions"}],"up":[{"embeddable":true,"href":"https:\/\/www.bruzelle.be\/fr\/wp-json\/wp\/v2\/pages\/8012"}],"wp:attachment":[{"href":"https:\/\/www.bruzelle.be\/fr\/wp-json\/wp\/v2\/media?parent=8993"}],"curies":[{"name":"wp","href":"https:\/\/api.w.org\/{rel}","templated":true}]}}