{"id":9048,"date":"2023-01-17T18:36:21","date_gmt":"2023-01-17T17:36:21","guid":{"rendered":"https:\/\/www.bruzelle.be\/?page_id=9048"},"modified":"2023-03-22T14:15:16","modified_gmt":"2023-03-22T13:15:16","slug":"historique","status":"publish","type":"page","link":"https:\/\/www.bruzelle.be\/fr\/qui-sommes-nous\/historique\/","title":{"rendered":"Historique"},"content":{"rendered":"\t\t<div data-elementor-type=\"wp-page\" data-elementor-id=\"9048\" class=\"elementor elementor-9048\">\n\t\t\t\t\t\t<section class=\"elementor-section elementor-top-section elementor-element elementor-element-300673a7 elementor-section-full_width elementor-section-height-min-height elementor-section-stretched elementor-section-height-default elementor-section-items-middle\" data-id=\"300673a7\" data-element_type=\"section\" data-settings=\"{&quot;stretch_section&quot;:&quot;section-stretched&quot;,&quot;jet_parallax_layout_list&quot;:[],&quot;background_background&quot;:&quot;classic&quot;}\">\n\t\t\t\t\t\t<div class=\"elementor-container elementor-column-gap-default\">\n\t\t\t\t\t<div class=\"elementor-column elementor-col-100 elementor-top-column elementor-element elementor-element-2bb724d4\" data-id=\"2bb724d4\" data-element_type=\"column\">\n\t\t\t<div class=\"elementor-widget-wrap\">\n\t\t\t\t\t\t\t<\/div>\n\t\t<\/div>\n\t\t\t\t\t<\/div>\n\t\t<\/section>\n\t\t\t\t<section class=\"elementor-section elementor-top-section elementor-element elementor-element-242bf271 elementor-section-boxed elementor-section-height-default elementor-section-height-default\" data-id=\"242bf271\" data-element_type=\"section\" data-settings=\"{&quot;jet_parallax_layout_list&quot;:[]}\">\n\t\t\t\t\t\t<div class=\"elementor-container elementor-column-gap-default\">\n\t\t\t\t\t<div class=\"elementor-column elementor-col-100 elementor-top-column elementor-element elementor-element-79bbae28\" data-id=\"79bbae28\" data-element_type=\"column\">\n\t\t\t<div class=\"elementor-widget-wrap elementor-element-populated\">\n\t\t\t\t\t\t<div class=\"elementor-element elementor-element-1b373b1 elementor-widget elementor-widget-heading\" data-id=\"1b373b1\" data-element_type=\"widget\" data-widget_type=\"heading.default\">\n\t\t\t\t<div class=\"elementor-widget-container\">\n\t\t\t\t\t<h2 class=\"elementor-heading-title elementor-size-default\">historique<\/h2>\t\t\t\t<\/div>\n\t\t\t\t<\/div>\n\t\t\t\t<div class=\"elementor-element elementor-element-ea21d05 elementor-widget elementor-widget-text-editor\" data-id=\"ea21d05\" data-element_type=\"widget\" data-widget_type=\"text-editor.default\">\n\t\t\t\t<div class=\"elementor-widget-container\">\n\t\t\t\t\t\t\t\t\t<p>BruZelle est un projet issu d&rsquo;une rencontre, d&rsquo;une prise de conscience. Pionni\u00e8re dans la lutte contre la pr\u00e9carit\u00e9 menstruelle en Belgique, BruZelle s&rsquo;est d\u00e9velopp\u00e9e en quelques ann\u00e9es sur tout le territoire belge et couvre aujourd&rsquo;hui tous les aspects de la lutte contre la pr\u00e9carit\u00e9 menstruelle.<\/p>\t\t\t\t\t\t\t\t<\/div>\n\t\t\t\t<\/div>\n\t\t\t\t\t<\/div>\n\t\t<\/div>\n\t\t\t\t\t<\/div>\n\t\t<\/section>\n\t\t\t\t<section class=\"elementor-section elementor-top-section elementor-element elementor-element-a0604f7 elementor-section-boxed elementor-section-height-default elementor-section-height-default\" data-id=\"a0604f7\" data-element_type=\"section\" data-settings=\"{&quot;jet_parallax_layout_list&quot;:[]}\">\n\t\t\t\t\t\t<div class=\"elementor-container elementor-column-gap-default\">\n\t\t\t\t\t<div class=\"raven-column-link elementor-column elementor-col-33 elementor-top-column elementor-element elementor-element-d6ae52f\" data-raven-link=\"https:\/\/www.bruzelle.be\/fr\/qui-sommes-nous\/\" data-raven-link-target=\"_self\" data-id=\"d6ae52f\" data-element_type=\"column\" data-settings=\"{&quot;background_background&quot;:&quot;classic&quot;}\">\n\t\t\t<div class=\"elementor-widget-wrap elementor-element-populated\">\n\t\t\t\t\t\t<div class=\"elementor-element elementor-element-9b3c73d elementor-widget elementor-widget-image\" data-id=\"9b3c73d\" data-element_type=\"widget\" data-widget_type=\"image.default\">\n\t\t\t\t<div class=\"elementor-widget-container\">\n\t\t\t\t\t\t\t\t\t\t\t\t\t\t\t<img decoding=\"async\" width=\"136\" height=\"100\" src=\"https:\/\/www.bruzelle.be\/wp-content\/uploads\/2023\/02\/Tampon-Back-136x100-1.png\" class=\"elementor-animation-pulse attachment-large size-large wp-image-9943\" alt=\"\" \/>\t\t\t\t\t\t\t\t\t\t\t\t\t\t\t<\/div>\n\t\t\t\t<\/div>\n\t\t\t\t<div class=\"elementor-element elementor-element-586d902 e-transform elementor-widget elementor-widget-icon-box\" data-id=\"586d902\" data-element_type=\"widget\" data-settings=\"{&quot;_transform_scale_effect_hover&quot;:{&quot;unit&quot;:&quot;px&quot;,&quot;size&quot;:0.9,&quot;sizes&quot;:[]},&quot;_transform_scale_effect_hover_tablet&quot;:{&quot;unit&quot;:&quot;px&quot;,&quot;size&quot;:&quot;&quot;,&quot;sizes&quot;:[]},&quot;_transform_scale_effect_hover_mobile&quot;:{&quot;unit&quot;:&quot;px&quot;,&quot;size&quot;:&quot;&quot;,&quot;sizes&quot;:[]}}\" data-widget_type=\"icon-box.default\">\n\t\t\t\t<div class=\"elementor-widget-container\">\n\t\t\t\t\t\t\t<div class=\"elementor-icon-box-wrapper\">\n\n\t\t\t\n\t\t\t\t\t\t<div class=\"elementor-icon-box-content\">\n\n\t\t\t\t\n\t\t\t\t\t\t\t\t\t<p class=\"elementor-icon-box-description\">\n\t\t\t\t\t\t\u2190 qui sommes-nous\t\t\t\t\t<\/p>\n\t\t\t\t\n\t\t\t<\/div>\n\t\t\t\n\t\t<\/div>\n\t\t\t\t\t\t<\/div>\n\t\t\t\t<\/div>\n\t\t\t\t\t<\/div>\n\t\t<\/div>\n\t\t\t\t<div class=\"raven-column-link elementor-column elementor-col-33 elementor-top-column elementor-element elementor-element-4b00611\" data-raven-link=\"https:\/\/www.bruzelle.be\/fr\/qui-sommes-nous\/equipe\/\" data-raven-link-target=\"_self\" data-id=\"4b00611\" data-element_type=\"column\" data-settings=\"{&quot;background_background&quot;:&quot;classic&quot;}\">\n\t\t\t<div class=\"elementor-widget-wrap elementor-element-populated\">\n\t\t\t\t\t\t<div class=\"elementor-element elementor-element-fa1f27d elementor-widget elementor-widget-image\" data-id=\"fa1f27d\" data-element_type=\"widget\" data-widget_type=\"image.default\">\n\t\t\t\t<div class=\"elementor-widget-container\">\n\t\t\t\t\t\t\t\t\t\t\t\t\t\t\t<img decoding=\"async\" width=\"102\" height=\"100\" src=\"https:\/\/www.bruzelle.be\/wp-content\/uploads\/2023\/02\/Bracelet-102x100-2.png\" class=\"elementor-animation-pulse attachment-large size-large wp-image-10370\" alt=\"\" \/>\t\t\t\t\t\t\t\t\t\t\t\t\t\t\t<\/div>\n\t\t\t\t<\/div>\n\t\t\t\t<div class=\"elementor-element elementor-element-95b49a4 e-transform elementor-widget elementor-widget-icon-box\" data-id=\"95b49a4\" data-element_type=\"widget\" data-settings=\"{&quot;_transform_scale_effect_hover&quot;:{&quot;unit&quot;:&quot;px&quot;,&quot;size&quot;:0.9,&quot;sizes&quot;:[]},&quot;_transform_scale_effect_hover_tablet&quot;:{&quot;unit&quot;:&quot;px&quot;,&quot;size&quot;:&quot;&quot;,&quot;sizes&quot;:[]},&quot;_transform_scale_effect_hover_mobile&quot;:{&quot;unit&quot;:&quot;px&quot;,&quot;size&quot;:&quot;&quot;,&quot;sizes&quot;:[]}}\" data-widget_type=\"icon-box.default\">\n\t\t\t\t<div class=\"elementor-widget-container\">\n\t\t\t\t\t\t\t<div class=\"elementor-icon-box-wrapper\">\n\n\t\t\t\n\t\t\t\t\t\t<div class=\"elementor-icon-box-content\">\n\n\t\t\t\t\n\t\t\t\t\t\t\t\t\t<p class=\"elementor-icon-box-description\">\n\t\t\t\t\t\tl'\u00e9quipe\t\t\t\t\t<\/p>\n\t\t\t\t\n\t\t\t<\/div>\n\t\t\t\n\t\t<\/div>\n\t\t\t\t\t\t<\/div>\n\t\t\t\t<\/div>\n\t\t\t\t\t<\/div>\n\t\t<\/div>\n\t\t\t\t<div class=\"raven-column-link elementor-column elementor-col-33 elementor-top-column elementor-element elementor-element-2629589\" data-raven-link=\"https:\/\/www.bruzelle.be\/fr\/qui-sommes-nous\/nous-contacter\/\" data-raven-link-target=\"_self\" data-id=\"2629589\" data-element_type=\"column\" data-settings=\"{&quot;background_background&quot;:&quot;classic&quot;}\">\n\t\t\t<div class=\"elementor-widget-wrap elementor-element-populated\">\n\t\t\t\t\t\t<div class=\"elementor-element elementor-element-778aa18 elementor-widget elementor-widget-image\" data-id=\"778aa18\" data-element_type=\"widget\" data-widget_type=\"image.default\">\n\t\t\t\t<div class=\"elementor-widget-container\">\n\t\t\t\t\t\t\t\t\t\t\t\t\t\t\t<img decoding=\"async\" width=\"200\" height=\"100\" src=\"https:\/\/www.bruzelle.be\/wp-content\/uploads\/2023\/02\/Logo-BruZelle-200x100-2.png\" class=\"elementor-animation-pulse attachment-large size-large wp-image-10017\" alt=\"\" \/>\t\t\t\t\t\t\t\t\t\t\t\t\t\t\t<\/div>\n\t\t\t\t<\/div>\n\t\t\t\t<div class=\"elementor-element elementor-element-7011984 e-transform elementor-widget elementor-widget-icon-box\" data-id=\"7011984\" data-element_type=\"widget\" data-settings=\"{&quot;_transform_scale_effect_hover&quot;:{&quot;unit&quot;:&quot;px&quot;,&quot;size&quot;:0.9,&quot;sizes&quot;:[]},&quot;_transform_scale_effect_hover_tablet&quot;:{&quot;unit&quot;:&quot;px&quot;,&quot;size&quot;:&quot;&quot;,&quot;sizes&quot;:[]},&quot;_transform_scale_effect_hover_mobile&quot;:{&quot;unit&quot;:&quot;px&quot;,&quot;size&quot;:&quot;&quot;,&quot;sizes&quot;:[]}}\" data-widget_type=\"icon-box.default\">\n\t\t\t\t<div class=\"elementor-widget-container\">\n\t\t\t\t\t\t\t<div class=\"elementor-icon-box-wrapper\">\n\n\t\t\t\n\t\t\t\t\t\t<div class=\"elementor-icon-box-content\">\n\n\t\t\t\t\n\t\t\t\t\t\t\t\t\t<p class=\"elementor-icon-box-description\">\n\t\t\t\t\t\tcontactez-nous\t\t\t\t\t<\/p>\n\t\t\t\t\n\t\t\t<\/div>\n\t\t\t\n\t\t<\/div>\n\t\t\t\t\t\t<\/div>\n\t\t\t\t<\/div>\n\t\t\t\t\t<\/div>\n\t\t<\/div>\n\t\t\t\t\t<\/div>\n\t\t<\/section>\n\t\t\t\t<section class=\"elementor-section elementor-top-section elementor-element elementor-element-182189d5 elementor-section-boxed elementor-section-height-default elementor-section-height-default\" data-id=\"182189d5\" data-element_type=\"section\" data-settings=\"{&quot;jet_parallax_layout_list&quot;:[]}\">\n\t\t\t\t\t\t<div class=\"elementor-container elementor-column-gap-default\">\n\t\t\t\t\t<div class=\"elementor-column elementor-col-100 elementor-top-column elementor-element elementor-element-1e370546\" data-id=\"1e370546\" data-element_type=\"column\">\n\t\t\t<div class=\"elementor-widget-wrap elementor-element-populated\">\n\t\t\t\t\t\t<div class=\"elementor-element elementor-element-9fdf9d0 elementor-widget elementor-widget-text-editor\" data-id=\"9fdf9d0\" data-element_type=\"widget\" data-widget_type=\"text-editor.default\">\n\t\t\t\t<div class=\"elementor-widget-container\">\n\t\t\t\t\t\t\t\t\t<p style=\"text-align: justify;\">BruZelle est n\u00e9e d\u2019une rencontre en octobre 2016 dans le m\u00e9tro bruxellois entre Veronica Martinez et une dame sans-abri qui lui a demand\u00e9 si elle pouvait la d\u00e9panner d\u2019un tampon. Veronica n\u2019avait aucune id\u00e9e que, pour certaines personnes en situation de pr\u00e9carit\u00e9, il \u00e9tait difficile de se procurer des produits menstruels. Cette rencontre fut un v\u00e9ritable choc et une r\u00e9v\u00e9lation.<\/p>\n<p style=\"text-align: justify;\">De cette rencontre est n\u00e9 un questionnement&nbsp;qui \u00e9tait de savoir comment g\u00e9rer ses r\u00e8gles lorsque l\u2019on vit dans la pr\u00e9carit\u00e9. Le constat \u00e9tait que l\u2019acc\u00e8s aux produits menstruels \u00e9tait difficile, qu\u2019ils \u00e9taient distribu\u00e9s en quantit\u00e9 insuffisante et de fa\u00e7on irr\u00e9guli\u00e8re et inad\u00e9quate. Cet \u00e9tat des lieux fut le point de d\u00e9part de la cr\u00e9ation de BruZelle en tant que collectif citoyen.<\/p>\n<p style=\"text-align: justify;\">La question suivante \u00e9tait de d\u00e9terminer de quelle mani\u00e8re r\u00e9pondre concr\u00e8tement et respectueusement aux besoins des personnes menstru\u00e9es en situation de pr\u00e9carit\u00e9 et leur fournir les produits menstruels gratuitement. La r\u00e9ponse est venue par la mise en place des premi\u00e8res bo\u00eetes de collecte, des premi\u00e8res confections de trousses et de la toute premi\u00e8re distribution en janvier 2017.<\/p>\n<p style=\"text-align: justify;\">Face \u00e0 l\u2019afflux des demandes, il a \u00e9t\u00e9 d\u00e9cid\u00e9 de donner un statut juridique \u00e0 BruZelle en f\u00e9vrier 2017 sous la forme d\u2019une asbl.<\/p>\n<p style=\"text-align: justify;\">Dans le courant de l\u2019ann\u00e9e 2018, le travail de terrain r\u00e9alis\u00e9 \u00e0 Bruxelles a fait \u00e9cho dans les autres r\u00e9gions du pays desquelles ont commenc\u00e9 \u00e0 \u00e9maner des demandes de produits menstruels. C\u2019est dans ce contexte que sont n\u00e9es les premi\u00e8res antennes de BruZelle cr\u00e9es et g\u00e9r\u00e9es par des b\u00e9n\u00e9voles en Wallonie.<\/p>\n<p style=\"text-align: justify;\">Jusque fin 2018, l\u2019ensemble des activit\u00e9s de BruZelle \u00e9taient soutenues exclusivement par des dons priv\u00e9s. A partir de 2019, un premier subside de la Commission Communautaire Commune de la R\u00e9gion de Bruxelles-Capitale (COCOM) a permis de louer un espace de bureau et de stockage dans le centre de Bruxelles. Ce nouveau lieu a permis de mat\u00e9rialiser l\u2019association et ses objectifs, de la visibiliser dans l\u2019espace public et de l\u2019ancrer dans le tissu associatif. L\u2019ouverture des bureaux a entra\u00een\u00e9 un \u00e9lan de solidarit\u00e9 multipliant les propositions de partenariat, de b\u00e9n\u00e9volat et d\u2019aides diverses. En outre, de nouveaux partenaires ont frapp\u00e9 \u00e0 la porte de l\u2019association, augmentant ainsi la demande de distribution de produits menstruels. 2019 fut \u00e9galement l\u2019ann\u00e9e de la cr\u00e9ation des premi\u00e8res antennes en Flandre.<\/p>\n<p style=\"text-align: justify;\">L\u2019ann\u00e9e 2020 a marqu\u00e9 une nouvelle \u00e9tape dans l\u2019\u00e9volution de BruZelle. Gr\u00e2ce \u00e0 l\u2019octroi d\u2019un nouveau subside de la COCOM, Veronica Martinez a \u00e9t\u00e9 engag\u00e9e \u00e0 temps plein au poste de directrice afin de g\u00e9rer l\u2019association au quotidien.&nbsp;Cet engagement a \u00e9t\u00e9 crucial et d\u00e9terminant dans le contexte tr\u00e8s particulier de la crise sanitaire.&nbsp;Compte tenu des limitations impos\u00e9es par les r\u00e8gles sanitaires, les ateliers ont \u00e9t\u00e9 interrompus, seules les distributions de produits menstruels ont pu \u00eatre assur\u00e9es. Cette situation a perdur\u00e9 jusqu&rsquo;au milieu de l&rsquo;ann\u00e9e 2021 lorsque les mesures sanitaires ont \u00e9t\u00e9 progressivement lev\u00e9es.<\/p>\n<p style=\"text-align: justify;\">Le retour \u00e0 une situation normale fin 2021 a permis de finaliser le lancement de nouvelles antennes BruZelle en Wallonie et en Flandre. Au d\u00e9but de l&rsquo;ann\u00e9e 2022, gr\u00e2ce \u00e0 un subside de la F\u00e9d\u00e9ration Wallonie-Bruxelles, Juliette Lepage a \u00e9t\u00e9 engag\u00e9e en tant que coordinatrice de BruZelle en Wallonie avec pour mission de soutenir le d\u00e9veloppement et les actions des antennes en Wallonie et \u00e0 Bruxelles.<\/p>\n<p style=\"text-align: justify;\">En septembre 2022, apr\u00e8s plus de 3 ans d&rsquo;\u00e9tude et de projets pilotes, BruZelle a lanc\u00e9 son programme de sensibilisation et d&rsquo;\u00e9ducation \u00e0 la sant\u00e9 et la pr\u00e9carit\u00e9 menstruelles \u00ab\u00a0R\u00e8gles de 3\u00a0\u00bb. Ce programme s&rsquo;adresse aux jeunes \u00e0 partir de 12 ans en milieux scolaire et extrascolaire et \u00e0 pour objectif de lib\u00e9rer la parole et de d\u00e9construire le tabou autour des r\u00e8gles. D\u00e8s son annonce, le programme R\u00e8gles de 3 a connu un franc succ\u00e8s et deux nouvelles collaboratrices, Hannah Geeraerts et Julie Leboutte, ont rapidement \u00e9t\u00e9 engag\u00e9es gr\u00e2ce \u00e0 des subsides de l&rsquo;Institut pour l&rsquo;Egalit\u00e9 entre les Femmes et les Hommes et equal.brussels, afin d&rsquo;assurer les sessions de sensibilisation aupr\u00e8s des jeunes.<\/p>\n<p style=\"text-align: justify;\">Dans la foul\u00e9e de ce programme, une variante destin\u00e9e aux personnes encadrantes a \u00e9galement \u00e9t\u00e9 lanc\u00e9e en d\u00e9cembre 2022 dans le cadre d&rsquo;un projet pilote men\u00e9 avec Wallonie-Bruxelles Enseignement (WBE).<\/p>\n<p style=\"text-align: justify;\">Et nous voici en 2023&#8230; BruZelle emploie aujourd&rsquo;hui quatre personnes \u00e0 temps plein et s&rsquo;appuie sur une \u00e9quipe d&rsquo;une vingtaine de b\u00e9n\u00e9voles dans toute la Belgique. Et l&rsquo;aventure continue avec des id\u00e9es et des projets plein la t\u00eate et autant de nouveaux d\u00e9fis \u00e0 relever.&nbsp;<\/p>\n<p style=\"text-align: justify;\">La suite au prochain \u00e9pisode&#8230;<br><\/p>\n<p style=\"text-align: justify;\">\n<\/p>\t\t\t\t\t\t\t\t<\/div>\n\t\t\t\t<\/div>\n\t\t\t\t\t<\/div>\n\t\t<\/div>\n\t\t\t\t\t<\/div>\n\t\t<\/section>\n\t\t\t\t<\/div>\n\t\t","protected":false},"excerpt":{"rendered":"<p>historique BruZelle est un projet issu d&rsquo;une rencontre, d&rsquo;une prise de conscience. Pionni\u00e8re dans la lutte contre la pr\u00e9carit\u00e9 menstruelle en Belgique, BruZelle s&rsquo;est d\u00e9velopp\u00e9e en quelques ann\u00e9es sur tout le territoire belge et couvre aujourd&rsquo;hui tous les aspects de la lutte contre la pr\u00e9carit\u00e9 menstruelle. \u2190 qui sommes-nous l&rsquo;\u00e9quipe contactez-nous BruZelle est n\u00e9e d\u2019une [&hellip;]<\/p>\n","protected":false},"author":1,"featured_media":0,"parent":9042,"menu_order":0,"comment_status":"closed","ping_status":"closed","template":"","meta":{"_acf_changed":false,"_exactmetrics_skip_tracking":false,"_exactmetrics_sitenote_active":false,"_exactmetrics_sitenote_note":"","_exactmetrics_sitenote_category":0,"footnotes":""},"class_list":["post-9048","page","type-page","status-publish","hentry"],"acf":[],"_links":{"self":[{"href":"https:\/\/www.bruzelle.be\/fr\/wp-json\/wp\/v2\/pages\/9048","targetHints":{"allow":["GET"]}}],"collection":[{"href":"https:\/\/www.bruzelle.be\/fr\/wp-json\/wp\/v2\/pages"}],"about":[{"href":"https:\/\/www.bruzelle.be\/fr\/wp-json\/wp\/v2\/types\/page"}],"author":[{"embeddable":true,"href":"https:\/\/www.bruzelle.be\/fr\/wp-json\/wp\/v2\/users\/1"}],"replies":[{"embeddable":true,"href":"https:\/\/www.bruzelle.be\/fr\/wp-json\/wp\/v2\/comments?post=9048"}],"version-history":[{"count":0,"href":"https:\/\/www.bruzelle.be\/fr\/wp-json\/wp\/v2\/pages\/9048\/revisions"}],"up":[{"embeddable":true,"href":"https:\/\/www.bruzelle.be\/fr\/wp-json\/wp\/v2\/pages\/9042"}],"wp:attachment":[{"href":"https:\/\/www.bruzelle.be\/fr\/wp-json\/wp\/v2\/media?parent=9048"}],"curies":[{"name":"wp","href":"https:\/\/api.w.org\/{rel}","templated":true}]}}