{"id":9460,"date":"2023-02-22T15:58:20","date_gmt":"2023-02-22T14:58:20","guid":{"rendered":"https:\/\/www.bruzelle.be\/?page_id=9460"},"modified":"2023-03-17T16:46:09","modified_gmt":"2023-03-17T15:46:09","slug":"conseil-et-expertise","status":"publish","type":"page","link":"https:\/\/www.bruzelle.be\/fr\/notre-action\/conseil-et-expertise\/","title":{"rendered":"Conseil et expertise"},"content":{"rendered":"\t\t<div data-elementor-type=\"wp-page\" data-elementor-id=\"9460\" class=\"elementor elementor-9460\">\n\t\t\t\t\t\t<section class=\"elementor-section elementor-top-section elementor-element elementor-element-300673a7 elementor-section-full_width elementor-section-height-min-height elementor-section-stretched elementor-section-height-default elementor-section-items-middle\" data-id=\"300673a7\" data-element_type=\"section\" data-settings=\"{&quot;stretch_section&quot;:&quot;section-stretched&quot;,&quot;jet_parallax_layout_list&quot;:[],&quot;background_background&quot;:&quot;classic&quot;}\">\n\t\t\t\t\t\t<div class=\"elementor-container elementor-column-gap-default\">\n\t\t\t\t\t<div class=\"elementor-column elementor-col-100 elementor-top-column elementor-element elementor-element-2bb724d4\" data-id=\"2bb724d4\" data-element_type=\"column\">\n\t\t\t<div class=\"elementor-widget-wrap\">\n\t\t\t\t\t\t\t<\/div>\n\t\t<\/div>\n\t\t\t\t\t<\/div>\n\t\t<\/section>\n\t\t\t\t<section class=\"elementor-section elementor-top-section elementor-element elementor-element-242bf271 elementor-section-boxed elementor-section-height-default elementor-section-height-default\" data-id=\"242bf271\" data-element_type=\"section\" data-settings=\"{&quot;jet_parallax_layout_list&quot;:[]}\">\n\t\t\t\t\t\t<div class=\"elementor-container elementor-column-gap-default\">\n\t\t\t\t\t<div class=\"elementor-column elementor-col-100 elementor-top-column elementor-element elementor-element-79bbae28\" data-id=\"79bbae28\" data-element_type=\"column\">\n\t\t\t<div class=\"elementor-widget-wrap elementor-element-populated\">\n\t\t\t\t\t\t<div class=\"elementor-element elementor-element-1b373b1 elementor-widget elementor-widget-heading\" data-id=\"1b373b1\" data-element_type=\"widget\" data-widget_type=\"heading.default\">\n\t\t\t\t<div class=\"elementor-widget-container\">\n\t\t\t\t\t<h2 class=\"elementor-heading-title elementor-size-default\">Conseil et expertise<\/h2>\t\t\t\t<\/div>\n\t\t\t\t<\/div>\n\t\t\t\t\t<\/div>\n\t\t<\/div>\n\t\t\t\t\t<\/div>\n\t\t<\/section>\n\t\t\t\t<section class=\"elementor-section elementor-top-section elementor-element elementor-element-cd5f77a elementor-section-boxed elementor-section-height-default elementor-section-height-default\" data-id=\"cd5f77a\" data-element_type=\"section\" data-settings=\"{&quot;jet_parallax_layout_list&quot;:[]}\">\n\t\t\t\t\t\t<div class=\"elementor-container elementor-column-gap-default\">\n\t\t\t\t\t<div class=\"elementor-column elementor-col-100 elementor-top-column elementor-element elementor-element-c57a5de\" data-id=\"c57a5de\" data-element_type=\"column\">\n\t\t\t<div class=\"elementor-widget-wrap elementor-element-populated\">\n\t\t\t\t\t\t<div class=\"elementor-element elementor-element-ce015db elementor-widget elementor-widget-text-editor\" data-id=\"ce015db\" data-element_type=\"widget\" data-widget_type=\"text-editor.default\">\n\t\t\t\t<div class=\"elementor-widget-container\">\n\t\t\t\t\t\t\t\t\t<p>En tant que pionni\u00e8re de la lutte contre la pr\u00e9carit\u00e9 menstruelle en Belgique, BruZelle a accumul\u00e9 de l\u2019exp\u00e9rience et acquis de l\u2019expertise dans les diff\u00e9rents domaines qui touchent directement ou indirectement \u00e0 la pr\u00e9carit\u00e9 menstruelle et aux r\u00e8gles en g\u00e9n\u00e9ral.<\/p>\t\t\t\t\t\t\t\t<\/div>\n\t\t\t\t<\/div>\n\t\t\t\t\t<\/div>\n\t\t<\/div>\n\t\t\t\t\t<\/div>\n\t\t<\/section>\n\t\t\t\t<section class=\"elementor-section elementor-top-section elementor-element elementor-element-54a7aac elementor-section-boxed elementor-section-height-default elementor-section-height-default\" data-id=\"54a7aac\" data-element_type=\"section\" data-settings=\"{&quot;jet_parallax_layout_list&quot;:[]}\">\n\t\t\t\t\t\t<div class=\"elementor-container elementor-column-gap-default\">\n\t\t\t\t\t<div class=\"raven-column-link elementor-column elementor-col-33 elementor-top-column elementor-element elementor-element-f701fee\" data-raven-link=\"https:\/\/www.bruzelle.be\/fr\/notre-action\/\" data-raven-link-target=\"_self\" data-id=\"f701fee\" data-element_type=\"column\" data-settings=\"{&quot;background_background&quot;:&quot;classic&quot;}\">\n\t\t\t<div class=\"elementor-widget-wrap elementor-element-populated\">\n\t\t\t\t\t\t<div class=\"elementor-element elementor-element-79a84eb elementor-widget elementor-widget-image\" data-id=\"79a84eb\" data-element_type=\"widget\" data-widget_type=\"image.default\">\n\t\t\t\t<div class=\"elementor-widget-container\">\n\t\t\t\t\t\t\t\t\t\t\t\t\t\t\t<img decoding=\"async\" width=\"136\" height=\"100\" src=\"https:\/\/www.bruzelle.be\/wp-content\/uploads\/2023\/02\/Tampon-Back-136x100-1.png\" class=\"elementor-animation-pulse attachment-large size-large wp-image-9943\" alt=\"\" \/>\t\t\t\t\t\t\t\t\t\t\t\t\t\t\t<\/div>\n\t\t\t\t<\/div>\n\t\t\t\t<div class=\"elementor-element elementor-element-399cc93 e-transform elementor-widget elementor-widget-icon-box\" data-id=\"399cc93\" data-element_type=\"widget\" data-settings=\"{&quot;_transform_scale_effect_hover&quot;:{&quot;unit&quot;:&quot;px&quot;,&quot;size&quot;:0.9,&quot;sizes&quot;:[]},&quot;_transform_scale_effect_hover_tablet&quot;:{&quot;unit&quot;:&quot;px&quot;,&quot;size&quot;:&quot;&quot;,&quot;sizes&quot;:[]},&quot;_transform_scale_effect_hover_mobile&quot;:{&quot;unit&quot;:&quot;px&quot;,&quot;size&quot;:&quot;&quot;,&quot;sizes&quot;:[]}}\" data-widget_type=\"icon-box.default\">\n\t\t\t\t<div class=\"elementor-widget-container\">\n\t\t\t\t\t\t\t<div class=\"elementor-icon-box-wrapper\">\n\n\t\t\t\n\t\t\t\t\t\t<div class=\"elementor-icon-box-content\">\n\n\t\t\t\t\n\t\t\t\t\t\t\t\t\t<p class=\"elementor-icon-box-description\">\n\t\t\t\t\t\t&larr; notre action\t\t\t\t\t<\/p>\n\t\t\t\t\n\t\t\t<\/div>\n\t\t\t\n\t\t<\/div>\n\t\t\t\t\t\t<\/div>\n\t\t\t\t<\/div>\n\t\t\t\t\t<\/div>\n\t\t<\/div>\n\t\t\t\t<div class=\"raven-column-link elementor-column elementor-col-33 elementor-top-column elementor-element elementor-element-562cbcb\" data-raven-link=\"https:\/\/www.bruzelle.be\/fr\/notre-action\/collecte-et-distribution\/\" data-raven-link-target=\"_self\" data-id=\"562cbcb\" data-element_type=\"column\" data-settings=\"{&quot;background_background&quot;:&quot;classic&quot;}\">\n\t\t\t<div class=\"elementor-widget-wrap elementor-element-populated\">\n\t\t\t\t\t\t<div class=\"elementor-element elementor-element-ea8bca4 elementor-widget elementor-widget-image\" data-id=\"ea8bca4\" data-element_type=\"widget\" data-widget_type=\"image.default\">\n\t\t\t\t<div class=\"elementor-widget-container\">\n\t\t\t\t\t\t\t\t\t\t\t\t\t\t\t<img decoding=\"async\" width=\"115\" height=\"100\" src=\"https:\/\/www.bruzelle.be\/wp-content\/uploads\/2022\/12\/Distribution-115x100-1.png\" class=\"elementor-animation-pulse attachment-large size-large wp-image-8790\" alt=\"\" \/>\t\t\t\t\t\t\t\t\t\t\t\t\t\t\t<\/div>\n\t\t\t\t<\/div>\n\t\t\t\t<div class=\"elementor-element elementor-element-c3bf66f e-transform e-transform elementor-widget elementor-widget-icon-box\" data-id=\"c3bf66f\" data-element_type=\"widget\" data-settings=\"{&quot;_transform_scale_effect_hover&quot;:{&quot;unit&quot;:&quot;px&quot;,&quot;size&quot;:0.9,&quot;sizes&quot;:[]},&quot;_transform_scale_effect&quot;:{&quot;unit&quot;:&quot;px&quot;,&quot;size&quot;:&quot;&quot;,&quot;sizes&quot;:[]},&quot;_transform_scale_effect_tablet&quot;:{&quot;unit&quot;:&quot;px&quot;,&quot;size&quot;:&quot;&quot;,&quot;sizes&quot;:[]},&quot;_transform_scale_effect_mobile&quot;:{&quot;unit&quot;:&quot;px&quot;,&quot;size&quot;:&quot;&quot;,&quot;sizes&quot;:[]},&quot;_transform_scale_effect_hover_tablet&quot;:{&quot;unit&quot;:&quot;px&quot;,&quot;size&quot;:&quot;&quot;,&quot;sizes&quot;:[]},&quot;_transform_scale_effect_hover_mobile&quot;:{&quot;unit&quot;:&quot;px&quot;,&quot;size&quot;:&quot;&quot;,&quot;sizes&quot;:[]}}\" data-widget_type=\"icon-box.default\">\n\t\t\t\t<div class=\"elementor-widget-container\">\n\t\t\t\t\t\t\t<div class=\"elementor-icon-box-wrapper\">\n\n\t\t\t\n\t\t\t\t\t\t<div class=\"elementor-icon-box-content\">\n\n\t\t\t\t\n\t\t\t\t\t\t\t\t\t<p class=\"elementor-icon-box-description\">\n\t\t\t\t\t\tcollecte et distribution\t\t\t\t\t<\/p>\n\t\t\t\t\n\t\t\t<\/div>\n\t\t\t\n\t\t<\/div>\n\t\t\t\t\t\t<\/div>\n\t\t\t\t<\/div>\n\t\t\t\t\t<\/div>\n\t\t<\/div>\n\t\t\t\t<div class=\"raven-column-link elementor-column elementor-col-33 elementor-top-column elementor-element elementor-element-e27d8b1\" data-raven-link=\"https:\/\/www.bruzelle.be\/fr\/notre-action\/sensibilisation\/\" data-raven-link-target=\"_self\" data-id=\"e27d8b1\" data-element_type=\"column\" data-settings=\"{&quot;background_background&quot;:&quot;classic&quot;}\">\n\t\t\t<div class=\"elementor-widget-wrap elementor-element-populated\">\n\t\t\t\t\t\t<div class=\"elementor-element elementor-element-ed9fb01 elementor-widget elementor-widget-image\" data-id=\"ed9fb01\" data-element_type=\"widget\" data-widget_type=\"image.default\">\n\t\t\t\t<div class=\"elementor-widget-container\">\n\t\t\t\t\t\t\t\t\t\t\t\t\t\t\t<img decoding=\"async\" width=\"84\" height=\"100\" src=\"https:\/\/www.bruzelle.be\/wp-content\/uploads\/2022\/12\/Conscientisation-84x100-1.png\" class=\"elementor-animation-pulse attachment-large size-large wp-image-8808\" alt=\"\" srcset=\"https:\/\/www.bruzelle.be\/wp-content\/uploads\/2022\/12\/Conscientisation-84x100-1.png 84w, https:\/\/www.bruzelle.be\/wp-content\/uploads\/2022\/12\/elementor\/thumbs\/Conscientisation-84x100-1-pzjlojqcop6bnwa9i7yx2txr86s54m36fyve2ummb8.png 42w\" sizes=\"(max-width: 84px) 100vw, 84px\" \/>\t\t\t\t\t\t\t\t\t\t\t\t\t\t\t<\/div>\n\t\t\t\t<\/div>\n\t\t\t\t<div class=\"elementor-element elementor-element-71da9d3 e-transform elementor-widget elementor-widget-icon-box\" data-id=\"71da9d3\" data-element_type=\"widget\" data-settings=\"{&quot;_transform_scale_effect_hover&quot;:{&quot;unit&quot;:&quot;px&quot;,&quot;size&quot;:0.9,&quot;sizes&quot;:[]},&quot;_transform_scale_effect_hover_tablet&quot;:{&quot;unit&quot;:&quot;px&quot;,&quot;size&quot;:&quot;&quot;,&quot;sizes&quot;:[]},&quot;_transform_scale_effect_hover_mobile&quot;:{&quot;unit&quot;:&quot;px&quot;,&quot;size&quot;:&quot;&quot;,&quot;sizes&quot;:[]}}\" data-widget_type=\"icon-box.default\">\n\t\t\t\t<div class=\"elementor-widget-container\">\n\t\t\t\t\t\t\t<div class=\"elementor-icon-box-wrapper\">\n\n\t\t\t\n\t\t\t\t\t\t<div class=\"elementor-icon-box-content\">\n\n\t\t\t\t\n\t\t\t\t\t\t\t\t\t<p class=\"elementor-icon-box-description\">\n\t\t\t\t\t\tSensibilisation et \u00e9ducation\t\t\t\t\t<\/p>\n\t\t\t\t\n\t\t\t<\/div>\n\t\t\t\n\t\t<\/div>\n\t\t\t\t\t\t<\/div>\n\t\t\t\t<\/div>\n\t\t\t\t\t<\/div>\n\t\t<\/div>\n\t\t\t\t\t<\/div>\n\t\t<\/section>\n\t\t\t\t<section class=\"elementor-section elementor-top-section elementor-element elementor-element-73acc18 elementor-section-boxed elementor-section-height-default elementor-section-height-default\" data-id=\"73acc18\" data-element_type=\"section\" data-settings=\"{&quot;jet_parallax_layout_list&quot;:[]}\">\n\t\t\t\t\t\t<div class=\"elementor-container elementor-column-gap-default\">\n\t\t\t\t\t<div class=\"elementor-column elementor-col-100 elementor-top-column elementor-element elementor-element-35f8dba\" data-id=\"35f8dba\" data-element_type=\"column\">\n\t\t\t<div class=\"elementor-widget-wrap elementor-element-populated\">\n\t\t\t\t\t\t<div class=\"elementor-element elementor-element-fec33fd elementor-widget elementor-widget-text-editor\" data-id=\"fec33fd\" data-element_type=\"widget\" data-widget_type=\"text-editor.default\">\n\t\t\t\t<div class=\"elementor-widget-container\">\n\t\t\t\t\t\t\t\t\t<p>Du fait de son large rayon d\u2019action g\u00e9ographique, BruZelle s\u2019est enrichie des r\u00e9alit\u00e9s de terrain des diff\u00e9rentes communaut\u00e9s et r\u00e9gions du pays afin d\u2019en tirer des enseignements et de d\u00e9gager des pistes d\u2019action afin de lutter plus efficacement contre la pr\u00e9carit\u00e9 menstruelle et de d\u00e9construire le tabou li\u00e9 aux r\u00e8gles dans la soci\u00e9t\u00e9.\n<\/p>\n<p class=\"MsoNormal\">Gr\u00e2ce aux nombreux partenaires et aux diff\u00e9rents types de publics avec lesquels BruZelle travaille depuis sa cr\u00e9ation, que ce soit dans le domaine de la distribution de produits menstruels ou de la sensibilisation \u00e0 la sant\u00e9 et la pr\u00e9carit\u00e9 menstruelles, BruZelle a d\u00e9velopp\u00e9 des programmes de conseil et d\u2019accompagnement \u00e0 destination des acteurs publics et priv\u00e9s.<\/p>\n<p class=\"MsoNormal\">Les programmes sont adapt\u00e9s en fonction des organisations proprement dites, de leurs besoins sp\u00e9cifiques ainsi que des publics auxquels ils s\u2019adressent.<\/p>\n<p class=\"MsoNormal\">Quelques exemples d\u2019actions d\u2019accompagnement et de transmission d\u2019exp\u00e9rience&nbsp;:<\/p>\n<ul>\n<li>BruZelle accompagne les services de proximit\u00e9 des Centres publics d&rsquo;Aide Sociale (CPAS) et des associations de terrain afin de fournir aux travailleurs sociaux les informations et les outils leur permettant de parler ouvertement et de mani\u00e8re bienveillante des r\u00e8gles et de la pr\u00e9carit\u00e9 menstruelle avec les b\u00e9n\u00e9ficiaires ;<\/li>\n<\/ul>\n<ul>\n<li class=\"MsoNormal\">BruZelle collabore les directions d\u2019\u00e9coles et les pouvoirs organisateurs afin de d\u00e9gager les meilleures solutions pour la mise \u00e0 disposition de produits menstruels dans les \u00e9tablissements scolaires en tenant compte des sp\u00e9cificit\u00e9s et des r\u00e9alit\u00e9s de terrain de chacun d\u2019eux. Cette collaboration est renforc\u00e9e par la mise en place de sessions de sensibilisation \u00ab\u00a0R\u00e8gles de 3\u00a0\u00bb \u00e0 destination des \u00e9l\u00e8ves ;<\/li>\n<\/ul>\n<ul>\n<li class=\"MsoNormal\">BruZelle conseille le d\u00e9partement des ressources humaines d\u2019entreprises afin d\u2019adapter leurs installations sanitaires et leur environnement de travail \u00e0 la r\u00e9alit\u00e9 des r\u00e8gles dans l\u2019entreprise afin que celles-ci soient v\u00e9cues de la mani\u00e8re la plus respectueuse.<\/li>\n<\/ul>\n<p class=\"MsoNormal\">Enfin, l\u2019exp\u00e9rience de BruZelle est r\u00e9guli\u00e8rement requise par les pouvoirs publics f\u00e9d\u00e9raux, r\u00e9gionaux et locaux afin de faire remonter les r\u00e9alit\u00e9s de terrain aux organismes d\u00e9cisionnaires et de les conseiller dans les domaines touchant \u00e0 la pr\u00e9carit\u00e9, la s\u00e9curit\u00e9 et la sant\u00e9 menstruelles.<\/p>\n<div>\n<div>\n<div id=\"_com_1\" class=\"msocomtxt\">\n<\/div>\n<\/div>\n<\/div>\t\t\t\t\t\t\t\t<\/div>\n\t\t\t\t<\/div>\n\t\t\t\t\t<\/div>\n\t\t<\/div>\n\t\t\t\t\t<\/div>\n\t\t<\/section>\n\t\t\t\t<\/div>\n\t\t","protected":false},"excerpt":{"rendered":"<p>Conseil et expertise En tant que pionni\u00e8re de la lutte contre la pr\u00e9carit\u00e9 menstruelle en Belgique, BruZelle a accumul\u00e9 de l\u2019exp\u00e9rience et acquis de l\u2019expertise dans les diff\u00e9rents domaines qui touchent directement ou indirectement \u00e0 la pr\u00e9carit\u00e9 menstruelle et aux r\u00e8gles en g\u00e9n\u00e9ral. &larr; notre action collecte et distribution Sensibilisation et \u00e9ducation Du fait de [&hellip;]<\/p>\n","protected":false},"author":1,"featured_media":0,"parent":8012,"menu_order":0,"comment_status":"closed","ping_status":"closed","template":"","meta":{"_acf_changed":false,"_exactmetrics_skip_tracking":false,"_exactmetrics_sitenote_active":false,"_exactmetrics_sitenote_note":"","_exactmetrics_sitenote_category":0,"footnotes":""},"class_list":["post-9460","page","type-page","status-publish","hentry"],"acf":[],"_links":{"self":[{"href":"https:\/\/www.bruzelle.be\/fr\/wp-json\/wp\/v2\/pages\/9460","targetHints":{"allow":["GET"]}}],"collection":[{"href":"https:\/\/www.bruzelle.be\/fr\/wp-json\/wp\/v2\/pages"}],"about":[{"href":"https:\/\/www.bruzelle.be\/fr\/wp-json\/wp\/v2\/types\/page"}],"author":[{"embeddable":true,"href":"https:\/\/www.bruzelle.be\/fr\/wp-json\/wp\/v2\/users\/1"}],"replies":[{"embeddable":true,"href":"https:\/\/www.bruzelle.be\/fr\/wp-json\/wp\/v2\/comments?post=9460"}],"version-history":[{"count":0,"href":"https:\/\/www.bruzelle.be\/fr\/wp-json\/wp\/v2\/pages\/9460\/revisions"}],"up":[{"embeddable":true,"href":"https:\/\/www.bruzelle.be\/fr\/wp-json\/wp\/v2\/pages\/8012"}],"wp:attachment":[{"href":"https:\/\/www.bruzelle.be\/fr\/wp-json\/wp\/v2\/media?parent=9460"}],"curies":[{"name":"wp","href":"https:\/\/api.w.org\/{rel}","templated":true}]}}