{"id":10650,"date":"2023-01-17T18:36:21","date_gmt":"2023-01-17T17:36:21","guid":{"rendered":"https:\/\/www.bruzelle.be\/qui-sommes-nous\/historique\/"},"modified":"2023-03-22T15:52:53","modified_gmt":"2023-03-22T14:52:53","slug":"historisch","status":"publish","type":"page","link":"https:\/\/www.bruzelle.be\/nl\/wie-zijn-we\/historisch\/","title":{"rendered":"historisch"},"content":{"rendered":"\t\t<div data-elementor-type=\"wp-page\" data-elementor-id=\"10650\" class=\"elementor elementor-10650 elementor-9048\">\n\t\t\t\t\t\t<section class=\"elementor-section elementor-top-section elementor-element elementor-element-300673a7 elementor-section-full_width elementor-section-height-min-height elementor-section-stretched elementor-section-height-default elementor-section-items-middle\" data-id=\"300673a7\" data-element_type=\"section\" data-settings=\"{&quot;stretch_section&quot;:&quot;section-stretched&quot;,&quot;jet_parallax_layout_list&quot;:[],&quot;background_background&quot;:&quot;classic&quot;}\">\n\t\t\t\t\t\t<div class=\"elementor-container elementor-column-gap-default\">\n\t\t\t\t\t<div class=\"elementor-column elementor-col-100 elementor-top-column elementor-element elementor-element-2bb724d4\" data-id=\"2bb724d4\" data-element_type=\"column\">\n\t\t\t<div class=\"elementor-widget-wrap\">\n\t\t\t\t\t\t\t<\/div>\n\t\t<\/div>\n\t\t\t\t\t<\/div>\n\t\t<\/section>\n\t\t\t\t<section class=\"elementor-section elementor-top-section elementor-element elementor-element-242bf271 elementor-section-boxed elementor-section-height-default elementor-section-height-default\" data-id=\"242bf271\" data-element_type=\"section\" data-settings=\"{&quot;jet_parallax_layout_list&quot;:[]}\">\n\t\t\t\t\t\t<div class=\"elementor-container elementor-column-gap-default\">\n\t\t\t\t\t<div class=\"elementor-column elementor-col-100 elementor-top-column elementor-element elementor-element-79bbae28\" data-id=\"79bbae28\" data-element_type=\"column\">\n\t\t\t<div class=\"elementor-widget-wrap elementor-element-populated\">\n\t\t\t\t\t\t<div class=\"elementor-element elementor-element-1b373b1 elementor-widget elementor-widget-heading\" data-id=\"1b373b1\" data-element_type=\"widget\" data-widget_type=\"heading.default\">\n\t\t\t\t<div class=\"elementor-widget-container\">\n\t\t\t\t\t<h2 class=\"elementor-heading-title elementor-size-default\">Geschiedenis<\/h2>\t\t\t\t<\/div>\n\t\t\t\t<\/div>\n\t\t\t\t<div class=\"elementor-element elementor-element-ea21d05 elementor-widget elementor-widget-text-editor\" data-id=\"ea21d05\" data-element_type=\"widget\" data-widget_type=\"text-editor.default\">\n\t\t\t\t<div class=\"elementor-widget-container\">\n\t\t\t\t\t\t\t\t\t<p>BruZelle ontstond uit een willekeurige ontmoeting die zorgde voor een realisatie. Als pionier in de strijd tegen menstruatiearmoede in Belgi\u00eb heeft BruZelle zich verspreid over heel Belgi\u00eb. En ondertussen worden alle aspecten van menstruatiearmoede behandeld.<\/p>\t\t\t\t\t\t\t\t<\/div>\n\t\t\t\t<\/div>\n\t\t\t\t\t<\/div>\n\t\t<\/div>\n\t\t\t\t\t<\/div>\n\t\t<\/section>\n\t\t\t\t<section class=\"elementor-section elementor-top-section elementor-element elementor-element-a0604f7 elementor-section-boxed elementor-section-height-default elementor-section-height-default\" data-id=\"a0604f7\" data-element_type=\"section\" data-settings=\"{&quot;jet_parallax_layout_list&quot;:[]}\">\n\t\t\t\t\t\t<div class=\"elementor-container elementor-column-gap-default\">\n\t\t\t\t\t<div class=\"raven-column-link elementor-column elementor-col-33 elementor-top-column elementor-element elementor-element-d6ae52f\" data-raven-link=\"https:\/\/www.bruzelle.be\/nl\/wie-zijn-we\/\" data-raven-link-target=\"_self\" data-id=\"d6ae52f\" data-element_type=\"column\" data-settings=\"{&quot;background_background&quot;:&quot;classic&quot;}\">\n\t\t\t<div class=\"elementor-widget-wrap elementor-element-populated\">\n\t\t\t\t\t\t<div class=\"elementor-element elementor-element-9b3c73d elementor-widget elementor-widget-image\" data-id=\"9b3c73d\" data-element_type=\"widget\" data-widget_type=\"image.default\">\n\t\t\t\t<div class=\"elementor-widget-container\">\n\t\t\t\t\t\t\t\t\t\t\t\t\t\t\t<img decoding=\"async\" width=\"136\" height=\"100\" src=\"https:\/\/www.bruzelle.be\/wp-content\/uploads\/2023\/02\/Tampon-Back-136x100-1.png\" class=\"elementor-animation-pulse attachment-large size-large wp-image-9944\" alt=\"\" \/>\t\t\t\t\t\t\t\t\t\t\t\t\t\t\t<\/div>\n\t\t\t\t<\/div>\n\t\t\t\t<div class=\"elementor-element elementor-element-586d902 e-transform elementor-widget elementor-widget-icon-box\" data-id=\"586d902\" data-element_type=\"widget\" data-settings=\"{&quot;_transform_scale_effect_hover&quot;:{&quot;unit&quot;:&quot;px&quot;,&quot;size&quot;:0.9,&quot;sizes&quot;:[]},&quot;_transform_scale_effect_hover_tablet&quot;:{&quot;unit&quot;:&quot;px&quot;,&quot;size&quot;:&quot;&quot;,&quot;sizes&quot;:[]},&quot;_transform_scale_effect_hover_mobile&quot;:{&quot;unit&quot;:&quot;px&quot;,&quot;size&quot;:&quot;&quot;,&quot;sizes&quot;:[]}}\" data-widget_type=\"icon-box.default\">\n\t\t\t\t<div class=\"elementor-widget-container\">\n\t\t\t\t\t\t\t<div class=\"elementor-icon-box-wrapper\">\n\n\t\t\t\n\t\t\t\t\t\t<div class=\"elementor-icon-box-content\">\n\n\t\t\t\t\n\t\t\t\t\t\t\t\t\t<p class=\"elementor-icon-box-description\">\n\t\t\t\t\t\t\u2190 wie zijn we?\t\t\t\t\t<\/p>\n\t\t\t\t\n\t\t\t<\/div>\n\t\t\t\n\t\t<\/div>\n\t\t\t\t\t\t<\/div>\n\t\t\t\t<\/div>\n\t\t\t\t\t<\/div>\n\t\t<\/div>\n\t\t\t\t<div class=\"raven-column-link elementor-column elementor-col-33 elementor-top-column elementor-element elementor-element-4b00611\" data-raven-link=\"https:\/\/www.bruzelle.be\/nl\/wie-zijn-we\/het-team\/\" data-raven-link-target=\"_self\" data-id=\"4b00611\" data-element_type=\"column\" data-settings=\"{&quot;background_background&quot;:&quot;classic&quot;}\">\n\t\t\t<div class=\"elementor-widget-wrap elementor-element-populated\">\n\t\t\t\t\t\t<div class=\"elementor-element elementor-element-fa1f27d elementor-widget elementor-widget-image\" data-id=\"fa1f27d\" data-element_type=\"widget\" data-widget_type=\"image.default\">\n\t\t\t\t<div class=\"elementor-widget-container\">\n\t\t\t\t\t\t\t\t\t\t\t\t\t\t\t<img decoding=\"async\" width=\"102\" height=\"100\" src=\"https:\/\/www.bruzelle.be\/wp-content\/uploads\/2023\/02\/Bracelet-102x100-2.png\" class=\"elementor-animation-pulse attachment-large size-large wp-image-10371\" alt=\"\" \/>\t\t\t\t\t\t\t\t\t\t\t\t\t\t\t<\/div>\n\t\t\t\t<\/div>\n\t\t\t\t<div class=\"elementor-element elementor-element-95b49a4 e-transform elementor-widget elementor-widget-icon-box\" data-id=\"95b49a4\" data-element_type=\"widget\" data-settings=\"{&quot;_transform_scale_effect_hover&quot;:{&quot;unit&quot;:&quot;px&quot;,&quot;size&quot;:0.9,&quot;sizes&quot;:[]},&quot;_transform_scale_effect_hover_tablet&quot;:{&quot;unit&quot;:&quot;px&quot;,&quot;size&quot;:&quot;&quot;,&quot;sizes&quot;:[]},&quot;_transform_scale_effect_hover_mobile&quot;:{&quot;unit&quot;:&quot;px&quot;,&quot;size&quot;:&quot;&quot;,&quot;sizes&quot;:[]}}\" data-widget_type=\"icon-box.default\">\n\t\t\t\t<div class=\"elementor-widget-container\">\n\t\t\t\t\t\t\t<div class=\"elementor-icon-box-wrapper\">\n\n\t\t\t\n\t\t\t\t\t\t<div class=\"elementor-icon-box-content\">\n\n\t\t\t\t\n\t\t\t\t\t\t\t\t\t<p class=\"elementor-icon-box-description\">\n\t\t\t\t\t\thet team\t\t\t\t\t<\/p>\n\t\t\t\t\n\t\t\t<\/div>\n\t\t\t\n\t\t<\/div>\n\t\t\t\t\t\t<\/div>\n\t\t\t\t<\/div>\n\t\t\t\t\t<\/div>\n\t\t<\/div>\n\t\t\t\t<div class=\"raven-column-link elementor-column elementor-col-33 elementor-top-column elementor-element elementor-element-2629589\" data-raven-link=\"https:\/\/www.bruzelle.be\/nl\/wie-zijn-we\/contact\/\" data-raven-link-target=\"_self\" data-id=\"2629589\" data-element_type=\"column\" data-settings=\"{&quot;background_background&quot;:&quot;classic&quot;}\">\n\t\t\t<div class=\"elementor-widget-wrap elementor-element-populated\">\n\t\t\t\t\t\t<div class=\"elementor-element elementor-element-778aa18 elementor-widget elementor-widget-image\" data-id=\"778aa18\" data-element_type=\"widget\" data-widget_type=\"image.default\">\n\t\t\t\t<div class=\"elementor-widget-container\">\n\t\t\t\t\t\t\t\t\t\t\t\t\t\t\t<img decoding=\"async\" width=\"200\" height=\"100\" src=\"https:\/\/www.bruzelle.be\/wp-content\/uploads\/2023\/02\/Logo-BruZelle-200x100-2.png\" class=\"elementor-animation-pulse attachment-large size-large wp-image-10018\" alt=\"\" \/>\t\t\t\t\t\t\t\t\t\t\t\t\t\t\t<\/div>\n\t\t\t\t<\/div>\n\t\t\t\t<div class=\"elementor-element elementor-element-7011984 e-transform elementor-widget elementor-widget-icon-box\" data-id=\"7011984\" data-element_type=\"widget\" data-settings=\"{&quot;_transform_scale_effect_hover&quot;:{&quot;unit&quot;:&quot;px&quot;,&quot;size&quot;:0.9,&quot;sizes&quot;:[]},&quot;_transform_scale_effect_hover_tablet&quot;:{&quot;unit&quot;:&quot;px&quot;,&quot;size&quot;:&quot;&quot;,&quot;sizes&quot;:[]},&quot;_transform_scale_effect_hover_mobile&quot;:{&quot;unit&quot;:&quot;px&quot;,&quot;size&quot;:&quot;&quot;,&quot;sizes&quot;:[]}}\" data-widget_type=\"icon-box.default\">\n\t\t\t\t<div class=\"elementor-widget-container\">\n\t\t\t\t\t\t\t<div class=\"elementor-icon-box-wrapper\">\n\n\t\t\t\n\t\t\t\t\t\t<div class=\"elementor-icon-box-content\">\n\n\t\t\t\t\n\t\t\t\t\t\t\t\t\t<p class=\"elementor-icon-box-description\">\n\t\t\t\t\t\tcontacteer ons\t\t\t\t\t<\/p>\n\t\t\t\t\n\t\t\t<\/div>\n\t\t\t\n\t\t<\/div>\n\t\t\t\t\t\t<\/div>\n\t\t\t\t<\/div>\n\t\t\t\t\t<\/div>\n\t\t<\/div>\n\t\t\t\t\t<\/div>\n\t\t<\/section>\n\t\t\t\t<section class=\"elementor-section elementor-top-section elementor-element elementor-element-182189d5 elementor-section-boxed elementor-section-height-default elementor-section-height-default\" data-id=\"182189d5\" data-element_type=\"section\" data-settings=\"{&quot;jet_parallax_layout_list&quot;:[]}\">\n\t\t\t\t\t\t<div class=\"elementor-container elementor-column-gap-default\">\n\t\t\t\t\t<div class=\"elementor-column elementor-col-100 elementor-top-column elementor-element elementor-element-1e370546\" data-id=\"1e370546\" data-element_type=\"column\">\n\t\t\t<div class=\"elementor-widget-wrap elementor-element-populated\">\n\t\t\t\t\t\t<div class=\"elementor-element elementor-element-9fdf9d0 elementor-widget elementor-widget-text-editor\" data-id=\"9fdf9d0\" data-element_type=\"widget\" data-widget_type=\"text-editor.default\">\n\t\t\t\t<div class=\"elementor-widget-container\">\n\t\t\t\t\t\t\t\t\t<p style=\"text-align: justify;\">In oktober 2016 ontmoette Veronica Martinez een dakloze dame in de Brusselse metro. De dame vroeg of Veronica een tampon voor haar had. Tot dan had Veronica er nooit bij stilgestaan dat het voorhanden hebben van menstruatieproducten voor sommige mensen in een moeilijke leefsituatie niet vanzelfsprekend is. Deze ontmoeting was een schok. Maar deze ontmoeting vormt ook de aanleiding voor het ontstaan van BruZelle.<\/p>\n<p style=\"text-align: justify;\">Na de ontmoeting onderzocht Veronica hoe je als menstruerende persoon in een precaire situatie aan menstruatieproducten kunt geraken. Dat de toegang zeer beperkt en moeilijk is, werd snel duidelijk. De producten worden in beperkte aantallen en op onregelmatige en inadequate wijze verdeeld. Dit werd het uitgangspunt voor het oprichten van BruZelle als burgercollectief.<\/p>\n<p style=\"text-align: justify;\">De volgende vraag was hoe je concreet en respectvol deze noden van personen in een moeilijke leefsituatie kunt beantwoorden. Hoe kunnen er gratis menstruatieproducten verdeeld worden? Het cre\u00ebren van inzameldozen werd een antwoord op deze vraag. De eerste zakjes en de eerste verdeling van producten kwamen er in januari 2017.<\/p>\n<p style=\"text-align: justify;\">Door de grote aanvraag van menstruatieproducten kreeg BruZelle een wettelijk statuut als vzw in februari 2017.<\/p>\n<p style=\"text-align: justify;\">In de loop van 2018 weerklonk het veldwerk dat door BruZelle in Brussel verricht werd, ook in de rest van het land. Ook andere regio\u2019s hadden een grote vraag naar menstruatieproducten. Al snel werden de eerste BruZelle-filialen opgericht en beheerd door vrijwilligers in Walloni\u00eb.<\/p>\n<p style=\"text-align: justify;\">Tot eind 2018 werden alle activiteiten van BruZelle uitsluitend ondersteund door particuliere giften. Tot we in 2019 een eerste subsidie van de Gemeentelijke Commissie van het Brussels Hoofdstedelijk Gewest (COCOM) kregen. Dankzij deze subsidie kon er een kantoor- en opslagruimte gehuurd worden in het centrum van Brussel.<\/p>\n<p style=\"text-align: justify;\">De nieuwe locatie zorgde voor het materialiseren en concretiseren van de doelstellingen van BruZelle. Ook was de vzw sindsdien zichtbaar in de openbare ruimte en deel van het verenigingsweefsel. De opening van het kantoor leidde tot een golf van solidariteit, met veel voorstellen voor partnerschappen, vrijwilligerswerk en andere vormen van hulp. Bovendien klopten nieuwe partners bij de vereniging aan, waardoor de vraag naar distributie van menstruatieproducten toenam. 2019 was ook het jaar waarin de eerste filialen in Vlaanderen werden opgericht.<\/p>\n<p style=\"text-align: justify;\">Het jaar 2020 betekende een nieuwe fase in de evolutie van BruZelle. Dankzij een nieuwe subsidie van het COCOM kon Veronica Martinez voltijds het dagelijkse bestuur van de vereniging leiden als directrice. Dit was cruciaal en doorslaggevend in de zeer speciale context van de gezondheidscrisis. Door de beperkingen en regels die het land beheersten, werden de workshops onderbroken en kon alleen het verdelen van menstruatieproducten doorgaan. Deze situatie duurde tot midden 2021, tot de gezondheidsvoorschriften geleidelijk werden opgeheven.<\/p>\n<p style=\"text-align: justify;\">Eind 2021, toen het land terugkeerde naar een normale situatie, kon de lancering van de nieuwe vestigingen van BruZelle in Walloni\u00eb en Vlaanderen worden afgerond. Door een subsidie van de Federatie Walloni\u00eb-Brussel wierf BruZelle begin 2022 Juliette Lepage aan als co\u00f6rdinatrice van BruZelle in Walloni\u00eb. Haar opdracht was om de ontwikkeling van de acties en filialen in Walloni\u00eb en Brussel te ondersteunen.<\/p>\n<p style=\"text-align: justify;\">In september 2022, na meer dan drie jaar studie en proefprojecten, lanceerde BruZelle haar sensibiliserings- en educatieprogramma over menstruele gezondheid en menstruatiearmoede \u201cRegels van 3\u201d. Dit programma richt zich aan jongeren vanaf 12 jaar in een schoolse of buitenschoolse setting. Het doel van dit programma is om het gesprek rond de menstruatie te starten en zo het taboe rond de menstruatie te doorbreken. Meteen na de lancering kende het programma al een groot succes met de aankondiging van twee nieuwe medewerkers: Hannah Geeraerts en Julie Leboute. Door subsidies van het Instituut voor de gelijkheid van mannen en vrouwen en equal.brussels konden zij worden aangenomen om zo de sensibiliseringssessies voor de jongeren te verzekeren.<\/p>\n<p style=\"text-align: justify;\">In het kielzog van dit programma lanceerde BruZelle in december 2022 ook een variant voor begeleiders met een proefproject, mede mogelijk gemaakt door Wallonie-Bruxelles Enseignement (WBE).<\/p>\n<p style=\"text-align: justify;\">En hier zijn we dan in 2023&#8230; BruZelle heeft nu vier voltijdse medewerkers in dienst en steunt op een team van een twintigtal vrijwilligers in heel Belgi\u00eb. Het avontuur voltrekt zich met veel idee\u00ebn en projecten in het achterhoofd, maar ook evenveel nieuwe uitdagingen om aan te gaan.<\/p>\n<p style=\"text-align: justify;\">Meer hierover in de volgende aflevering&#8230;<\/p>\t\t\t\t\t\t\t\t<\/div>\n\t\t\t\t<\/div>\n\t\t\t\t\t<\/div>\n\t\t<\/div>\n\t\t\t\t\t<\/div>\n\t\t<\/section>\n\t\t\t\t<\/div>\n\t\t","protected":false},"excerpt":{"rendered":"<p>Geschiedenis BruZelle ontstond uit een willekeurige ontmoeting die zorgde voor een realisatie. Als pionier in de strijd tegen menstruatiearmoede in Belgi\u00eb heeft BruZelle zich verspreid over heel Belgi\u00eb. En ondertussen worden alle aspecten van menstruatiearmoede behandeld. \u2190 wie zijn we? het team contacteer ons In oktober 2016 ontmoette Veronica Martinez een dakloze dame in de [&hellip;]<\/p>\n","protected":false},"author":1,"featured_media":0,"parent":10649,"menu_order":0,"comment_status":"closed","ping_status":"closed","template":"","meta":{"_acf_changed":false,"_exactmetrics_skip_tracking":false,"_exactmetrics_sitenote_active":false,"_exactmetrics_sitenote_note":"","_exactmetrics_sitenote_category":0,"footnotes":""},"class_list":["post-10650","page","type-page","status-publish","hentry"],"acf":[],"_links":{"self":[{"href":"https:\/\/www.bruzelle.be\/nl\/wp-json\/wp\/v2\/pages\/10650","targetHints":{"allow":["GET"]}}],"collection":[{"href":"https:\/\/www.bruzelle.be\/nl\/wp-json\/wp\/v2\/pages"}],"about":[{"href":"https:\/\/www.bruzelle.be\/nl\/wp-json\/wp\/v2\/types\/page"}],"author":[{"embeddable":true,"href":"https:\/\/www.bruzelle.be\/nl\/wp-json\/wp\/v2\/users\/1"}],"replies":[{"embeddable":true,"href":"https:\/\/www.bruzelle.be\/nl\/wp-json\/wp\/v2\/comments?post=10650"}],"version-history":[{"count":0,"href":"https:\/\/www.bruzelle.be\/nl\/wp-json\/wp\/v2\/pages\/10650\/revisions"}],"up":[{"embeddable":true,"href":"https:\/\/www.bruzelle.be\/nl\/wp-json\/wp\/v2\/pages\/10649"}],"wp:attachment":[{"href":"https:\/\/www.bruzelle.be\/nl\/wp-json\/wp\/v2\/media?parent=10650"}],"curies":[{"name":"wp","href":"https:\/\/api.w.org\/{rel}","templated":true}]}}