{"id":2227,"date":"2019-11-07T08:33:52","date_gmt":"2019-11-07T07:33:52","guid":{"rendered":"https:\/\/r1-company.com\/creatifweb\/vie-privee\/"},"modified":"2019-11-24T14:21:21","modified_gmt":"2019-11-24T13:21:21","slug":"prive-leven","status":"publish","type":"page","link":"https:\/\/www.bruzelle.be\/nl\/prive-leven\/","title":{"rendered":"priv\u00e9-leven"},"content":{"rendered":"\t\t<div data-elementor-type=\"wp-page\" data-elementor-id=\"2227\" class=\"elementor elementor-2227 elementor-1822\">\n\t\t\t\t\t\t<section class=\"elementor-section elementor-top-section elementor-element elementor-element-bf3ceeb elementor-section-full_width elementor-section-stretched elementor-section-height-default elementor-section-height-default\" data-id=\"bf3ceeb\" data-element_type=\"section\" data-settings=\"{&quot;jet_parallax_layout_list&quot;:[{&quot;jet_parallax_layout_image&quot;:{&quot;url&quot;:&quot;&quot;,&quot;id&quot;:&quot;&quot;,&quot;size&quot;:&quot;&quot;},&quot;jet_parallax_layout_image_tablet&quot;:{&quot;url&quot;:&quot;&quot;,&quot;id&quot;:&quot;&quot;,&quot;size&quot;:&quot;&quot;},&quot;jet_parallax_layout_image_mobile&quot;:{&quot;url&quot;:&quot;&quot;,&quot;id&quot;:&quot;&quot;,&quot;size&quot;:&quot;&quot;},&quot;jet_parallax_layout_speed&quot;:{&quot;unit&quot;:&quot;%&quot;,&quot;size&quot;:50,&quot;sizes&quot;:[]},&quot;jet_parallax_layout_type&quot;:&quot;scroll&quot;,&quot;jet_parallax_layout_direction&quot;:null,&quot;jet_parallax_layout_z_index&quot;:&quot;&quot;,&quot;jet_parallax_layout_bg_x&quot;:50,&quot;jet_parallax_layout_bg_y&quot;:50,&quot;jet_parallax_layout_bg_size&quot;:&quot;auto&quot;,&quot;jet_parallax_layout_animation_prop&quot;:&quot;transform&quot;,&quot;jet_parallax_layout_on&quot;:[&quot;desktop&quot;,&quot;tablet&quot;],&quot;_id&quot;:&quot;db47201&quot;,&quot;jet_parallax_layout_fx_direction&quot;:null,&quot;jet_parallax_layout_bg_x_tablet&quot;:&quot;&quot;,&quot;jet_parallax_layout_bg_x_mobile&quot;:&quot;&quot;,&quot;jet_parallax_layout_bg_y_tablet&quot;:&quot;&quot;,&quot;jet_parallax_layout_bg_y_mobile&quot;:&quot;&quot;,&quot;jet_parallax_layout_bg_size_tablet&quot;:&quot;&quot;,&quot;jet_parallax_layout_bg_size_mobile&quot;:&quot;&quot;}],&quot;stretch_section&quot;:&quot;section-stretched&quot;}\">\n\t\t\t\t\t\t<div class=\"elementor-container elementor-column-gap-default\">\n\t\t\t\t\t<div class=\"elementor-column elementor-col-100 elementor-top-column elementor-element elementor-element-d274b99\" data-id=\"d274b99\" data-element_type=\"column\">\n\t\t\t<div class=\"elementor-widget-wrap elementor-element-populated\">\n\t\t\t\t\t\t<div class=\"elementor-element elementor-element-1e51eee elementor-widget elementor-widget-jet-slider\" data-id=\"1e51eee\" data-element_type=\"widget\" data-settings=\"{&quot;slider_height&quot;:{&quot;unit&quot;:&quot;px&quot;,&quot;size&quot;:350,&quot;sizes&quot;:[]},&quot;slider_height_tablet&quot;:{&quot;unit&quot;:&quot;px&quot;,&quot;size&quot;:&quot;&quot;,&quot;sizes&quot;:[]},&quot;slider_height_mobile&quot;:{&quot;unit&quot;:&quot;px&quot;,&quot;size&quot;:&quot;&quot;,&quot;sizes&quot;:[]}}\" data-widget_type=\"jet-slider.default\">\n\t\t\t\t<div class=\"elementor-widget-container\">\n\t\t\t\t\t<div class=\"elementor-jet-slider jet-elements\">\n<div class=\"jet-slider jet-slider__image-exact\" data-settings='{&quot;sliderWidth&quot;:{&quot;unit&quot;:&quot;%&quot;,&quot;size&quot;:100,&quot;sizes&quot;:[]},&quot;sliderHeight&quot;:{&quot;unit&quot;:&quot;px&quot;,&quot;size&quot;:350,&quot;sizes&quot;:[]},&quot;sliderNavigation&quot;:false,&quot;sliderNavigationIcon&quot;:&quot;jet-slider__arrow-icon-1e51eee&quot;,&quot;sliderNaviOnHover&quot;:false,&quot;sliderPagination&quot;:false,&quot;sliderAutoplay&quot;:false,&quot;sliderAutoplayDelay&quot;:8000,&quot;sliderAutoplayOnHover&quot;:&quot;pause&quot;,&quot;sliderFullScreen&quot;:false,&quot;sliderFullscreenIcon&quot;:&quot;jet-slider__fullscreen-icon-1e51eee&quot;,&quot;sliderShuffle&quot;:false,&quot;sliderLoop&quot;:false,&quot;sliderFadeMode&quot;:false,&quot;slideDistance&quot;:{&quot;unit&quot;:&quot;px&quot;,&quot;size&quot;:0,&quot;sizes&quot;:[]},&quot;slideDuration&quot;:500,&quot;imageScaleMode&quot;:&quot;exact&quot;,&quot;thumbnails&quot;:false,&quot;thumbnailWidth&quot;:120,&quot;thumbnailHeight&quot;:80,&quot;rightToLeft&quot;:false,&quot;touchswipe&quot;:true,&quot;fractionPag&quot;:false,&quot;autoSliderHeight&quot;:false}'>\n\t\n<div  class=\"slider-pro\"><div class=\"jet-slider__arrow-icon-1e51eee hidden-html\"><\/div><div class=\"jet-slider__fullscreen-icon-1e51eee hidden-html\"><\/div><div class=\"jet-slider__items sp-slides\">\n\n\n<div  class=\"jet-slider__item sp-slide elementor-repeater-item-iep4m9f\"><img decoding=\"async\" class=\"sp-image\" src=\"https:\/\/www.bruzelle.be\/wp-content\/uploads\/2019\/10\/bruzelle-slider-1024x526.jpg\" alt=\"bruzelle-slider\" loading=\"lazy\"><div class=\"jet-slider__content sp-layer \" data-position=\"centerCenter\" data-width=\"100%\" data-height=\"100%\" data-horizontal=\"0%\" data-show-transition=\"up\" data-show-duration=\"400\" data-show-delay=\"400\" >\n\t\t<div class=\"jet-slider__content-item\">\n\t\t\t<div class=\"jet-slider__content-inner\">\n\t\t\t\t\t\t<div class=\"jet-slider__button-wrapper\">\t\t\t\t\t\t<\/div><\/div>\n\t\t<\/div>\n\t\t\t<\/div>\n<\/div>\n\n<\/div>\n<\/div>\n<\/div>\n<\/div>\t\t\t\t<\/div>\n\t\t\t\t<\/div>\n\t\t\t\t\t<\/div>\n\t\t<\/div>\n\t\t\t\t\t<\/div>\n\t\t<\/section>\n\t\t\t\t<section class=\"elementor-section elementor-top-section elementor-element elementor-element-7a6aa74 elementor-section-boxed elementor-section-height-default elementor-section-height-default\" data-id=\"7a6aa74\" data-element_type=\"section\" data-settings=\"{&quot;jet_parallax_layout_list&quot;:[{&quot;jet_parallax_layout_image&quot;:{&quot;url&quot;:&quot;&quot;,&quot;id&quot;:&quot;&quot;,&quot;size&quot;:&quot;&quot;},&quot;_id&quot;:&quot;d614af0&quot;,&quot;jet_parallax_layout_image_tablet&quot;:{&quot;url&quot;:&quot;&quot;,&quot;id&quot;:&quot;&quot;,&quot;size&quot;:&quot;&quot;},&quot;jet_parallax_layout_image_mobile&quot;:{&quot;url&quot;:&quot;&quot;,&quot;id&quot;:&quot;&quot;,&quot;size&quot;:&quot;&quot;},&quot;jet_parallax_layout_speed&quot;:{&quot;unit&quot;:&quot;%&quot;,&quot;size&quot;:50,&quot;sizes&quot;:[]},&quot;jet_parallax_layout_type&quot;:&quot;scroll&quot;,&quot;jet_parallax_layout_direction&quot;:null,&quot;jet_parallax_layout_z_index&quot;:&quot;&quot;,&quot;jet_parallax_layout_bg_x&quot;:50,&quot;jet_parallax_layout_bg_y&quot;:50,&quot;jet_parallax_layout_bg_size&quot;:&quot;auto&quot;,&quot;jet_parallax_layout_animation_prop&quot;:&quot;transform&quot;,&quot;jet_parallax_layout_on&quot;:[&quot;desktop&quot;,&quot;tablet&quot;],&quot;jet_parallax_layout_fx_direction&quot;:null,&quot;jet_parallax_layout_bg_x_tablet&quot;:&quot;&quot;,&quot;jet_parallax_layout_bg_x_mobile&quot;:&quot;&quot;,&quot;jet_parallax_layout_bg_y_tablet&quot;:&quot;&quot;,&quot;jet_parallax_layout_bg_y_mobile&quot;:&quot;&quot;,&quot;jet_parallax_layout_bg_size_tablet&quot;:&quot;&quot;,&quot;jet_parallax_layout_bg_size_mobile&quot;:&quot;&quot;}]}\">\n\t\t\t\t\t\t<div class=\"elementor-container elementor-column-gap-default\">\n\t\t\t\t\t<div class=\"elementor-column elementor-col-100 elementor-top-column elementor-element elementor-element-29b32eb\" data-id=\"29b32eb\" data-element_type=\"column\">\n\t\t\t<div class=\"elementor-widget-wrap elementor-element-populated\">\n\t\t\t\t\t\t<div class=\"elementor-element elementor-element-53cd47f elementor-widget elementor-widget-text-editor\" data-id=\"53cd47f\" data-element_type=\"widget\" data-widget_type=\"text-editor.default\">\n\t\t\t\t<div class=\"elementor-widget-container\">\n\t\t\t\t\t\t\t\t\t<div class=\"fusion-title title fusion-title-1 fusion-title-size-one\">\n<h1 class=\"title-heading-left\" style=\"text-align: center;\" data-inline-fontsize=\"true\" data-fontsize=\"20\" data-lineheight=\"35\"><strong>Vie priv\u00e9e<\/strong><\/h1>\n<div class=\"title-sep-container\">\n<div class=\"title-sep sep-\">&nbsp;<\/div>\n<\/div>\n<\/div>\n<div class=\"fusion-text\">\n<p align=\"justify\"><strong>Politique de confidentialit\u00e9 (traitement des donn\u00e9es \u00e0 caract\u00e8re personnel des visiteurs et des utilisateurs)<\/strong><\/p>\n<p align=\"justify\">www.bruzelle.be est un site de l&#8217;ASBL BruZElle. Son si\u00e8ge est situ\u00e9&nbsp;Avenue du Capricorne 73&nbsp;1200 Bruxelles.<\/p>\n<p align=\"justify\">BruZelle ASBL s\u2019engage \u00e0 ce que la collecte et le traitement de vos donn\u00e9es, effectu\u00e9s \u00e0 parti du site www.bruzelle.be, soient conformes au r\u00e8glement g\u00e9n\u00e9ral sur la protection des donn\u00e9es (RGPD), adopt\u00e9 par le Parlement europ\u00e9en le 14 avril 2016 (r\u00e8glement n\u00b02016\/769).<\/p>\n<p align=\"justify\">Pour toute information ou exercice de vos droits sur les traitements de donn\u00e9es personnelles g\u00e9r\u00e9es par BruZelle ASBL, vous pouvez adresser votre requ\u00eate via :<\/p>\n<ul>\n<li>courriel&nbsp;:&nbsp;<a href=\"mailto:info@bruzelle.be\">info@bruzelle.be<\/a><\/li>\n<li>courrier sign\u00e9 accompagn\u00e9 de la copie d\u2019un titre d\u2019identit\u00e9 \u00e0 l\u2019adresse suivante&nbsp;:<\/li>\n<\/ul>\n<p style=\"text-align: center;\">BruZelle ASBL<br>Avenue du Capricorne 73&nbsp;1200 Bruxelles.<\/p>\n<p><strong>Traitement des donn\u00e9es \u00e0 caract\u00e8re personnel des visiteurs et des utilisateurs du site&nbsp;<\/strong><strong>www.bruzelle.be<\/strong><\/p>\n<p><strong>Formulaires et demandes d\u2019information<\/strong><\/p>\n<p align=\"justify\">Les donn\u00e9es \u00e0 caract\u00e8re personnel que l\u2019utilisateur communique lors de l\u2019envoi d\u2019un formulaire ou d\u2019une demande d\u2019information sont uniquement trait\u00e9es par Bruzelle ASBL en vue de pouvoir r\u00e9pondre \u00e0 la demande.<\/p>\n<p align=\"justify\">Les donn\u00e9es personnelles des utilisateurs ne sont transmises qu\u2019au personnel charg\u00e9 de traiter les demandes. Ces donn\u00e9es peuvent \u00eatre communiqu\u00e9es \u00e0 des personnes ext\u00e9rieures \u00e0 BruZelle ASBL lorsque cela s\u2019av\u00e8re n\u00e9cessaire pour le traitement de la demande de l\u2019utilisateur. En aucun cas, elles ne sont trait\u00e9es \u00e0 des fins commerciales.<\/p>\n<p><strong>Inscription \u00e0 la newsletter et aux e-mailings<\/strong><\/p>\n<p align=\"justify\">Lors d\u2019une inscription \u00e0 notre liste de diffusion (newsletter et e-mailings), les donn\u00e9es \u00e0 caract\u00e8re personnel communiqu\u00e9es par l\u2019utilisateur sont stock\u00e9es dans la base de donn\u00e9es de contacts de BruZelle ASBL et, d\u2019autre part, aupr\u00e8s de Mailpoet, service tiers de gestion de listes et d\u2019envoi d\u2019e-mailings. En vous inscrivant \u00e0 notre liste de diffusion, vous acceptez que les informations que vous fournissez soient transf\u00e9r\u00e9es \u00e0 Mailpoet pour traitement conform\u00e9ment \u00e0 leur politique de confidentialit\u00e9.<\/p>\n<p><strong>Utilisation de cookies<\/strong><\/p>\n<p align=\"justify\">Certaines informations peuvent \u00eatre enregistr\u00e9es de fa\u00e7on automatique par le biais des cookies, de petits fichiers sauvegard\u00e9s sur le disque dur de votre ordinateur lors de vos visites. Les informations ainsi r\u00e9colt\u00e9es sont anonymes et ne nous permettent pas de vous identifier. Les cookies ne peuvent ni ex\u00e9cuter de programmes ni placer des virus sur votre ordinateur. Ils vous sont attribu\u00e9s individuellement. Les cookies de ce site web ne peuvent \u00eatre lus que par ce site. Vous pouvez supprimer ces fichiers \u00e0 tout moment. Vous avez en outre le droit de refuser le placement de cookies en adaptant les param\u00e8tres de votre navigateur. Dans les deux cas, cela peut rendre votre navigation moins agr\u00e9able.<\/p>\n<p><strong>Cookies de mesure d\u2019audience<\/strong><\/p>\n<p align=\"justify\">Pour mesurer l\u2019audience du site www.bruzelle.be, nous utilisons Google Analytics, uniquement \u00e0 des fins statistiques. Nous n\u2019utilisons donc pas de cookies publicitaires. Les donn\u00e9es personnelles recueillies (identifiant du cookie) sont conserv\u00e9es par Google Analytics pour une dur\u00e9e de 26 mois.<\/p>\n<p><strong>Cookies tiers destin\u00e9s \u00e0 am\u00e9liorer l\u2019interactivit\u00e9 du site<\/strong><\/p>\n<p>Le site www.bruzelle.be s\u2019appuie sur certains services propos\u00e9s par des sites tiers. Il s\u2019agit:<\/p>\n<ul>\n<li>des vid\u00e9os diffus\u00e9es sur le site (YouTube)<\/li>\n<\/ul>\n<p>Ces fonctionnalit\u00e9s utilisent des cookies tiers directement d\u00e9pos\u00e9s par ces services.<\/p>\n<p><strong>Comment d\u00e9sactiver les cookies&nbsp;?<\/strong><\/p>\n<ul>\n<li>Internet Explorer&nbsp;:&nbsp;<a href=\"https:\/\/support.microsoft.com\/fr-be\/help\/17442\/windows-internet-explorer-delete-manage-cookies\">https&nbsp;:\/\/support.microsoft.com\/fr-be\/help\/17442\/windows-internet-explorer-delete-manage-cookies<\/a><\/li>\n<li>Chrome&nbsp;:&nbsp;<a href=\"http:\/\/support.google.com\/chrome\/bin\/answer.py?hl=fr&amp;answer=95647\">http&nbsp;:\/\/support.google.com\/chrome\/bin\/answer.py&nbsp;?hl=fr&amp;answer=95647<\/a><\/li>\n<li>Firefox&nbsp;:&nbsp;<a href=\"http:\/\/support.mozilla.org\/fr\/kb\/activer-desactiver-cookies\">http&nbsp;:\/\/support.mozilla.org\/fr\/kb\/activer-desactiver-cookies<\/a><\/li>\n<li>Safari&nbsp;:&nbsp;<a href=\"https:\/\/support.apple.com\/kb\/ph21411?locale=fr_CA\">https&nbsp;:\/\/support.apple.com\/kb\/ph21411&nbsp;?locale=fr_CA<\/a><\/li>\n<\/ul>\n<\/div>\t\t\t\t\t\t\t\t<\/div>\n\t\t\t\t<\/div>\n\t\t\t\t\t<\/div>\n\t\t<\/div>\n\t\t\t\t\t<\/div>\n\t\t<\/section>\n\t\t\t\t<\/div>\n\t\t","protected":false},"excerpt":{"rendered":"<p>Vie priv\u00e9e &nbsp; Politique de confidentialit\u00e9 (traitement des donn\u00e9es \u00e0 caract\u00e8re personnel des visiteurs et des utilisateurs) www.bruzelle.be est un site de l&#8217;ASBL BruZElle. Son si\u00e8ge est situ\u00e9\u00a0Avenue du Capricorne 73\u00a01200 Bruxelles. BruZelle ASBL s\u2019engage \u00e0 ce que la collecte et le traitement de vos donn\u00e9es, effectu\u00e9s \u00e0 parti du site www.bruzelle.be, soient conformes au [&hellip;]<\/p>\n","protected":false},"author":1,"featured_media":0,"parent":0,"menu_order":10,"comment_status":"closed","ping_status":"closed","template":"","meta":{"_acf_changed":false,"_exactmetrics_skip_tracking":false,"_exactmetrics_sitenote_active":false,"_exactmetrics_sitenote_note":"","_exactmetrics_sitenote_category":0,"footnotes":""},"class_list":["post-2227","page","type-page","status-publish","hentry"],"acf":[],"_links":{"self":[{"href":"https:\/\/www.bruzelle.be\/nl\/wp-json\/wp\/v2\/pages\/2227","targetHints":{"allow":["GET"]}}],"collection":[{"href":"https:\/\/www.bruzelle.be\/nl\/wp-json\/wp\/v2\/pages"}],"about":[{"href":"https:\/\/www.bruzelle.be\/nl\/wp-json\/wp\/v2\/types\/page"}],"author":[{"embeddable":true,"href":"https:\/\/www.bruzelle.be\/nl\/wp-json\/wp\/v2\/users\/1"}],"replies":[{"embeddable":true,"href":"https:\/\/www.bruzelle.be\/nl\/wp-json\/wp\/v2\/comments?post=2227"}],"version-history":[{"count":0,"href":"https:\/\/www.bruzelle.be\/nl\/wp-json\/wp\/v2\/pages\/2227\/revisions"}],"wp:attachment":[{"href":"https:\/\/www.bruzelle.be\/nl\/wp-json\/wp\/v2\/media?parent=2227"}],"curies":[{"name":"wp","href":"https:\/\/api.w.org\/{rel}","templated":true}]}}